{"id":652,"date":"2023-05-27T18:13:28","date_gmt":"2023-05-27T18:13:28","guid":{"rendered":"https:\/\/romitecnologia.com\/demo-tienda\/?page_id=652"},"modified":"2024-11-18T13:37:02","modified_gmt":"2024-11-18T13:37:02","slug":"formas-de-pago","status":"publish","type":"page","link":"https:\/\/romitecnologia.com\/demo-tienda\/formas-de-pago\/","title":{"rendered":"Formas de Pago"},"content":{"rendered":"\t\t<div data-elementor-type=\"wp-page\" data-elementor-id=\"652\" class=\"elementor elementor-652\" data-elementor-post-type=\"page\">\n\t\t\t\t\t\t<section class=\"elementor-section elementor-top-section elementor-element elementor-element-f640d8a elementor-section-full_width elementor-section-height-default elementor-section-height-default\" data-id=\"f640d8a\" data-element_type=\"section\" data-e-type=\"section\" data-settings=\"{&quot;background_background&quot;:&quot;classic&quot;}\">\n\t\t\t\t\t\t<div class=\"elementor-container elementor-column-gap-no\">\n\t\t\t\t\t<div class=\"elementor-column elementor-col-100 elementor-top-column elementor-element elementor-element-212760a\" data-id=\"212760a\" data-element_type=\"column\" data-e-type=\"column\">\n\t\t\t<div class=\"elementor-widget-wrap elementor-element-populated\">\n\t\t\t\t\t\t<div class=\"elementor-element elementor-element-5bd06d9 elementor-widget elementor-widget-spacer\" data-id=\"5bd06d9\" data-element_type=\"widget\" data-e-type=\"widget\" data-widget_type=\"spacer.default\">\n\t\t\t\t<div class=\"elementor-widget-container\">\n\t\t\t\t\t\t\t<div class=\"elementor-spacer\">\n\t\t\t<div class=\"elementor-spacer-inner\"><\/div>\n\t\t<\/div>\n\t\t\t\t\t\t<\/div>\n\t\t\t\t<\/div>\n\t\t\t\t\t<\/div>\n\t\t<\/div>\n\t\t\t\t\t<\/div>\n\t\t<\/section>\n\t\t\t\t<section class=\"elementor-section elementor-top-section elementor-element elementor-element-4ce2f99 elementor-section-boxed elementor-section-height-default elementor-section-height-default\" data-id=\"4ce2f99\" data-element_type=\"section\" data-e-type=\"section\">\n\t\t\t\t\t\t<div class=\"elementor-container elementor-column-gap-default\">\n\t\t\t\t\t<div class=\"elementor-column elementor-col-100 elementor-top-column elementor-element elementor-element-cd8a787\" data-id=\"cd8a787\" data-element_type=\"column\" data-e-type=\"column\">\n\t\t\t<div class=\"elementor-widget-wrap elementor-element-populated\">\n\t\t\t\t\t\t<div class=\"elementor-element elementor-element-b92da56 elementor-widget elementor-widget-spacer\" data-id=\"b92da56\" data-element_type=\"widget\" data-e-type=\"widget\" data-widget_type=\"spacer.default\">\n\t\t\t\t<div class=\"elementor-widget-container\">\n\t\t\t\t\t\t\t<div class=\"elementor-spacer\">\n\t\t\t<div class=\"elementor-spacer-inner\"><\/div>\n\t\t<\/div>\n\t\t\t\t\t\t<\/div>\n\t\t\t\t<\/div>\n\t\t\t\t\t<\/div>\n\t\t<\/div>\n\t\t\t\t\t<\/div>\n\t\t<\/section>\n\t\t\t\t<section class=\"elementor-section elementor-top-section elementor-element elementor-element-560d51b elementor-section-boxed elementor-section-height-default elementor-section-height-default\" data-id=\"560d51b\" data-element_type=\"section\" data-e-type=\"section\">\n\t\t\t\t\t\t<div class=\"elementor-container elementor-column-gap-default\">\n\t\t\t\t\t<div class=\"elementor-column elementor-col-50 elementor-top-column elementor-element elementor-element-80f4619\" data-id=\"80f4619\" data-element_type=\"column\" data-e-type=\"column\">\n\t\t\t<div class=\"elementor-widget-wrap elementor-element-populated\">\n\t\t\t\t\t\t<div class=\"elementor-element elementor-element-4b3632e elementor-widget elementor-widget-heading\" data-id=\"4b3632e\" data-element_type=\"widget\" data-e-type=\"widget\" data-widget_type=\"heading.default\">\n\t\t\t\t<div class=\"elementor-widget-container\">\n\t\t\t\t\t<h1 class=\"elementor-heading-title elementor-size-default\">Formas de Pago<\/h1>\t\t\t\t<\/div>\n\t\t\t\t<\/div>\n\t\t\t\t\t<\/div>\n\t\t<\/div>\n\t\t\t\t<div class=\"elementor-column elementor-col-50 elementor-top-column elementor-element elementor-element-99bcddd elementor-hidden-mobile\" data-id=\"99bcddd\" data-element_type=\"column\" data-e-type=\"column\">\n\t\t\t<div class=\"elementor-widget-wrap\">\n\t\t\t\t\t\t\t<\/div>\n\t\t<\/div>\n\t\t\t\t\t<\/div>\n\t\t<\/section>\n\t\t\t\t<section class=\"elementor-section elementor-top-section elementor-element elementor-element-a11acb4 elementor-section-boxed elementor-section-height-default elementor-section-height-default\" data-id=\"a11acb4\" data-element_type=\"section\" data-e-type=\"section\">\n\t\t\t\t\t\t<div class=\"elementor-container elementor-column-gap-default\">\n\t\t\t\t\t<div class=\"elementor-column elementor-col-100 elementor-top-column elementor-element elementor-element-4daee8b\" data-id=\"4daee8b\" data-element_type=\"column\" data-e-type=\"column\">\n\t\t\t<div class=\"elementor-widget-wrap elementor-element-populated\">\n\t\t\t\t\t\t<div class=\"elementor-element elementor-element-0843221 elementor-widget elementor-widget-text-editor\" data-id=\"0843221\" data-element_type=\"widget\" data-e-type=\"widget\" data-widget_type=\"text-editor.default\">\n\t\t\t\t<div class=\"elementor-widget-container\">\n\t\t\t\t\t\t\t\t\t<p><span style=\"color: #000000;\">En <strong>Tiendateka<\/strong>, ofrecemos diversas opciones de pago para tu comodidad:<\/span><\/p><ul><li><p><span style=\"color: #000000;\">Dep\u00f3sito o transferencia bancaria: Puedes realizar el pago mediante dep\u00f3sito directo o transferencia bancaria. Te proporcionaremos los detalles necesarios para que puedas completar la transacci\u00f3n.<\/span><\/p><\/li><li><p><span style=\"color: #000000;\">Tarjeta de cr\u00e9dito o d\u00e9bito: Aceptamos pagos con tarjetas de cr\u00e9dito o d\u00e9bito. Podr\u00e1s ingresar los datos de tu tarjeta de manera segura y confiable durante el proceso de compra.<\/span><\/p><\/li><\/ul><p><span style=\"color: #000000;\">Es importante tener en cuenta que, para garantizar una correcta gesti\u00f3n del pedido, nos reservamos el derecho de no despachar los productos hasta confirmar la formalizaci\u00f3n de la forma de pago elegida por el cliente con la instituci\u00f3n receptora.<\/span><\/p><p><span style=\"color: #000000;\">Cualquier costo adicional asociado a la forma de pago seleccionada, como comisiones por transferencia interbancaria, intereses por financiamiento u otros cargos impuestos por la instituci\u00f3n financiera, ser\u00e1 responsabilidad del cliente.<\/span><\/p><p><span style=\"color: #000000;\">En <strong>Tiendateka<\/strong> buscamos brindarte opciones flexibles de pago y garantizar la transparencia en las transacciones. Si tienes alguna pregunta o requerimiento espec\u00edfico en relaci\u00f3n con las formas de pago, estaremos encantados de ayudarte.<\/span><\/p>\t\t\t\t\t\t\t\t<\/div>\n\t\t\t\t<\/div>\n\t\t\t\t\t<\/div>\n\t\t<\/div>\n\t\t\t\t\t<\/div>\n\t\t<\/section>\n\t\t\t\t<section class=\"elementor-section elementor-top-section elementor-element elementor-element-757d24e elementor-hidden-tablet elementor-section-boxed elementor-section-height-default elementor-section-height-default\" data-id=\"757d24e\" data-element_type=\"section\" data-e-type=\"section\" data-settings=\"{&quot;background_background&quot;:&quot;classic&quot;}\">\n\t\t\t\t\t\t<div class=\"elementor-container elementor-column-gap-default\">\n\t\t\t\t\t<div class=\"elementor-column elementor-col-66 elementor-top-column elementor-element elementor-element-faf346b\" data-id=\"faf346b\" data-element_type=\"column\" data-e-type=\"column\">\n\t\t\t<div class=\"elementor-widget-wrap elementor-element-populated\">\n\t\t\t\t\t\t<div class=\"elementor-element elementor-element-000ec51 elementor-widget elementor-widget-heading\" data-id=\"000ec51\" data-element_type=\"widget\" data-e-type=\"widget\" data-widget_type=\"heading.default\">\n\t\t\t\t<div class=\"elementor-widget-container\">\n\t\t\t\t\t<h2 class=\"elementor-heading-title elementor-size-default\">\u00a1No te pierdas nuestras Promociones y Ofertas!<\/h2>\t\t\t\t<\/div>\n\t\t\t\t<\/div>\n\t\t\t\t\t<\/div>\n\t\t<\/div>\n\t\t\t\t<div class=\"elementor-column elementor-col-33 elementor-top-column elementor-element elementor-element-a876503\" data-id=\"a876503\" data-element_type=\"column\" data-e-type=\"column\">\n\t\t\t<div class=\"elementor-widget-wrap elementor-element-populated\">\n\t\t\t\t\t\t<div class=\"elementor-element elementor-element-2ce6beb elementor-widget elementor-widget-shortcode\" data-id=\"2ce6beb\" data-element_type=\"widget\" data-e-type=\"widget\" data-widget_type=\"shortcode.default\">\n\t\t\t\t<div class=\"elementor-widget-container\">\n\t\t\t\t\t\t\t<div class=\"elementor-shortcode\"><div class=\"tnp tnp-subscription-minimal \"><form action=\"https:\/\/romitecnologia.com\/demo-tienda\/?na=s\" method=\"post\"><input type=\"hidden\" name=\"nr\" value=\"minimal\"><input type=\"hidden\" name=\"nlang\" value=\"\"><input class=\"tnp-email\" type=\"email\" required name=\"ne\" value=\"\" placeholder=\"Correo electr\u00f3nico\"><input class=\"tnp-submit\" type=\"submit\" value=\"Suscribirse\" style=\"background-color:\"><\/form><\/div>\n<\/div>\n\t\t\t\t\t\t<\/div>\n\t\t\t\t<\/div>\n\t\t\t\t\t<\/div>\n\t\t<\/div>\n\t\t\t\t\t<\/div>\n\t\t<\/section>\n\t\t\t\t<section class=\"elementor-section elementor-top-section elementor-element elementor-element-8f20c7e elementor-hidden-desktop elementor-hidden-mobile elementor-section-boxed elementor-section-height-default elementor-section-height-default\" data-id=\"8f20c7e\" data-element_type=\"section\" data-e-type=\"section\" data-settings=\"{&quot;background_background&quot;:&quot;classic&quot;}\">\n\t\t\t\t\t\t<div class=\"elementor-container elementor-column-gap-default\">\n\t\t\t\t\t<div class=\"elementor-column elementor-col-66 elementor-top-column elementor-element elementor-element-1fcc493\" data-id=\"1fcc493\" data-element_type=\"column\" data-e-type=\"column\">\n\t\t\t<div class=\"elementor-widget-wrap elementor-element-populated\">\n\t\t\t\t\t\t<div class=\"elementor-element elementor-element-97a49be elementor-widget elementor-widget-heading\" data-id=\"97a49be\" data-element_type=\"widget\" data-e-type=\"widget\" data-widget_type=\"heading.default\">\n\t\t\t\t<div class=\"elementor-widget-container\">\n\t\t\t\t\t<h2 class=\"elementor-heading-title elementor-size-default\">\u00a1No te pierdas nuestras Promociones y Ofertas!<\/h2>\t\t\t\t<\/div>\n\t\t\t\t<\/div>\n\t\t\t\t\t<\/div>\n\t\t<\/div>\n\t\t\t\t<div class=\"elementor-column elementor-col-33 elementor-top-column elementor-element elementor-element-dbc1ce4\" data-id=\"dbc1ce4\" data-element_type=\"column\" data-e-type=\"column\">\n\t\t\t<div class=\"elementor-widget-wrap elementor-element-populated\">\n\t\t\t\t\t\t<div class=\"elementor-element elementor-element-fc65932 elementor-widget elementor-widget-shortcode\" data-id=\"fc65932\" data-element_type=\"widget\" data-e-type=\"widget\" data-widget_type=\"shortcode.default\">\n\t\t\t\t<div class=\"elementor-widget-container\">\n\t\t\t\t\t\t\t<div class=\"elementor-shortcode\"><div class=\"tnp tnp-subscription-minimal \"><form action=\"https:\/\/romitecnologia.com\/demo-tienda\/?na=s\" method=\"post\"><input type=\"hidden\" name=\"nr\" value=\"minimal\"><input type=\"hidden\" name=\"nlang\" value=\"\"><input class=\"tnp-email\" type=\"email\" required name=\"ne\" value=\"\" placeholder=\"Correo electr\u00f3nico\"><input class=\"tnp-submit\" type=\"submit\" value=\"Suscribirse\" style=\"background-color:\"><\/form><\/div>\n<\/div>\n\t\t\t\t\t\t<\/div>\n\t\t\t\t<\/div>\n\t\t\t\t\t<\/div>\n\t\t<\/div>\n\t\t\t\t\t<\/div>\n\t\t<\/section>\n\t\t\t\t<\/div>\n\t\t","protected":false},"excerpt":{"rendered":"<p>Formas de Pago En Tiendateka, ofrecemos diversas opciones de pago para tu comodidad: Dep\u00f3sito o transferencia bancaria: Puedes realizar el pago mediante dep\u00f3sito directo o transferencia bancaria. Te proporcionaremos los detalles necesarios para que puedas completar la transacci\u00f3n. Tarjeta de cr\u00e9dito o d\u00e9bito: Aceptamos pagos con tarjetas de cr\u00e9dito o d\u00e9bito. Podr\u00e1s ingresar los datos&hellip;&nbsp;<a href=\"https:\/\/romitecnologia.com\/demo-tienda\/formas-de-pago\/\" rel=\"bookmark\">Read More &raquo;<span class=\"screen-reader-text\">Formas de Pago<\/span><\/a><\/p>\n","protected":false},"author":1,"featured_media":1066,"parent":0,"menu_order":0,"comment_status":"closed","ping_status":"closed","template":"elementor_header_footer","meta":{"neve_meta_sidebar":"","neve_meta_container":"","neve_meta_enable_content_width":"","neve_meta_content_width":0,"neve_meta_title_alignment":"","neve_meta_author_avatar":"","neve_post_elements_order":"","neve_meta_disable_header":"","neve_meta_disable_footer":"","neve_meta_disable_title":"","neve_meta_reading_time":"","_joinchat":[],"footnotes":""},"class_list":["post-652","page","type-page","status-publish","has-post-thumbnail","hentry"],"yoast_head":"<!-- This site is optimized with the Yoast SEO plugin v27.3 - https:\/\/yoast.com\/product\/yoast-seo-wordpress\/ -->\n<title>Formas de Pago - Tiendateka<\/title>\n<meta name=\"robots\" content=\"index, follow, max-snippet:-1, max-image-preview:large, max-video-preview:-1\" \/>\n<link rel=\"canonical\" href=\"https:\/\/romitecnologia.com\/demo-tienda\/formas-de-pago\/\" \/>\n<meta property=\"og:locale\" content=\"es_ES\" \/>\n<meta property=\"og:type\" content=\"article\" \/>\n<meta property=\"og:title\" content=\"Formas de Pago - Tiendateka\" \/>\n<meta property=\"og:description\" content=\"Formas de Pago En Tiendateka, ofrecemos diversas opciones de pago para tu comodidad: Dep\u00f3sito o transferencia bancaria: Puedes realizar el pago mediante dep\u00f3sito directo o transferencia bancaria. Te proporcionaremos los detalles necesarios para que puedas completar la transacci\u00f3n. Tarjeta de cr\u00e9dito o d\u00e9bito: Aceptamos pagos con tarjetas de cr\u00e9dito o d\u00e9bito. Podr\u00e1s ingresar los datos&hellip;&nbsp;Read More &raquo;Formas de Pago\" \/>\n<meta property=\"og:url\" content=\"https:\/\/romitecnologia.com\/demo-tienda\/formas-de-pago\/\" \/>\n<meta property=\"og:site_name\" content=\"Tiendateka\" \/>\n<meta property=\"article:publisher\" content=\"https:\/\/www.facebook.com\/romitecnologia\/\" \/>\n<meta property=\"article:modified_time\" content=\"2024-11-18T13:37:02+00:00\" \/>\n<meta property=\"og:image\" content=\"https:\/\/romitecnologia.com\/demo-tienda\/wp-content\/uploads\/2023\/09\/TIENDATEKA-PLATAFORMA-ALIADA-10.jpg\" \/>\n\t<meta property=\"og:image:width\" content=\"1200\" \/>\n\t<meta property=\"og:image:height\" content=\"675\" \/>\n\t<meta property=\"og:image:type\" content=\"image\/jpeg\" \/>\n<meta name=\"twitter:card\" content=\"summary_large_image\" \/>\n<meta name=\"twitter:label1\" content=\"Tiempo de lectura\" \/>\n\t<meta name=\"twitter:data1\" content=\"1 minuto\" \/>\n<script type=\"application\/ld+json\" class=\"yoast-schema-graph\">{\"@context\":\"https:\\\/\\\/schema.org\",\"@graph\":[{\"@type\":\"WebPage\",\"@id\":\"https:\\\/\\\/romitecnologia.com\\\/demo-tienda\\\/formas-de-pago\\\/\",\"url\":\"https:\\\/\\\/romitecnologia.com\\\/demo-tienda\\\/formas-de-pago\\\/\",\"name\":\"Formas de Pago - Tiendateka\",\"isPartOf\":{\"@id\":\"https:\\\/\\\/romitecnologia.com\\\/demo-tienda\\\/#website\"},\"primaryImageOfPage\":{\"@id\":\"https:\\\/\\\/romitecnologia.com\\\/demo-tienda\\\/formas-de-pago\\\/#primaryimage\"},\"image\":{\"@id\":\"https:\\\/\\\/romitecnologia.com\\\/demo-tienda\\\/formas-de-pago\\\/#primaryimage\"},\"thumbnailUrl\":\"https:\\\/\\\/romitecnologia.com\\\/demo-tienda\\\/wp-content\\\/uploads\\\/2023\\\/09\\\/TIENDATEKA-PLATAFORMA-ALIADA-10.jpg\",\"datePublished\":\"2023-05-27T18:13:28+00:00\",\"dateModified\":\"2024-11-18T13:37:02+00:00\",\"breadcrumb\":{\"@id\":\"https:\\\/\\\/romitecnologia.com\\\/demo-tienda\\\/formas-de-pago\\\/#breadcrumb\"},\"inLanguage\":\"es\",\"potentialAction\":[{\"@type\":\"ReadAction\",\"target\":[\"https:\\\/\\\/romitecnologia.com\\\/demo-tienda\\\/formas-de-pago\\\/\"]}]},{\"@type\":\"ImageObject\",\"inLanguage\":\"es\",\"@id\":\"https:\\\/\\\/romitecnologia.com\\\/demo-tienda\\\/formas-de-pago\\\/#primaryimage\",\"url\":\"https:\\\/\\\/romitecnologia.com\\\/demo-tienda\\\/wp-content\\\/uploads\\\/2023\\\/09\\\/TIENDATEKA-PLATAFORMA-ALIADA-10.jpg\",\"contentUrl\":\"https:\\\/\\\/romitecnologia.com\\\/demo-tienda\\\/wp-content\\\/uploads\\\/2023\\\/09\\\/TIENDATEKA-PLATAFORMA-ALIADA-10.jpg\",\"width\":1200,\"height\":675},{\"@type\":\"BreadcrumbList\",\"@id\":\"https:\\\/\\\/romitecnologia.com\\\/demo-tienda\\\/formas-de-pago\\\/#breadcrumb\",\"itemListElement\":[{\"@type\":\"ListItem\",\"position\":1,\"name\":\"Portada\",\"item\":\"https:\\\/\\\/romitecnologia.com\\\/demo-tienda\\\/\"},{\"@type\":\"ListItem\",\"position\":2,\"name\":\"Formas de Pago\"}]},{\"@type\":\"WebSite\",\"@id\":\"https:\\\/\\\/romitecnologia.com\\\/demo-tienda\\\/#website\",\"url\":\"https:\\\/\\\/romitecnologia.com\\\/demo-tienda\\\/\",\"name\":\"Tiendateka\",\"description\":\"Descubre el para\u00edso de las compras en l\u00ednea\",\"publisher\":{\"@id\":\"https:\\\/\\\/romitecnologia.com\\\/demo-tienda\\\/#organization\"},\"potentialAction\":[{\"@type\":\"SearchAction\",\"target\":{\"@type\":\"EntryPoint\",\"urlTemplate\":\"https:\\\/\\\/romitecnologia.com\\\/demo-tienda\\\/?s={search_term_string}\"},\"query-input\":{\"@type\":\"PropertyValueSpecification\",\"valueRequired\":true,\"valueName\":\"search_term_string\"}}],\"inLanguage\":\"es\"},{\"@type\":\"Organization\",\"@id\":\"https:\\\/\\\/romitecnologia.com\\\/demo-tienda\\\/#organization\",\"name\":\"Romitelli Tecnolog\u00eda\",\"alternateName\":\"Romitecnolog\u00eda\",\"url\":\"https:\\\/\\\/romitecnologia.com\\\/demo-tienda\\\/\",\"logo\":{\"@type\":\"ImageObject\",\"inLanguage\":\"es\",\"@id\":\"https:\\\/\\\/romitecnologia.com\\\/demo-tienda\\\/#\\\/schema\\\/logo\\\/image\\\/\",\"url\":\"https:\\\/\\\/romitecnologia.com\\\/demo-tienda\\\/wp-content\\\/uploads\\\/2023\\\/09\\\/LOGO-ROMI-13.png\",\"contentUrl\":\"https:\\\/\\\/romitecnologia.com\\\/demo-tienda\\\/wp-content\\\/uploads\\\/2023\\\/09\\\/LOGO-ROMI-13.png\",\"width\":1984,\"height\":1984,\"caption\":\"Romitelli Tecnolog\u00eda\"},\"image\":{\"@id\":\"https:\\\/\\\/romitecnologia.com\\\/demo-tienda\\\/#\\\/schema\\\/logo\\\/image\\\/\"},\"sameAs\":[\"https:\\\/\\\/www.facebook.com\\\/romitecnologia\\\/\",\"https:\\\/\\\/www.instagram.com\\\/romitecnologia\\\/\"]}]}<\/script>\n<!-- \/ Yoast SEO plugin. -->","yoast_head_json":{"title":"Formas de Pago - Tiendateka","robots":{"index":"index","follow":"follow","max-snippet":"max-snippet:-1","max-image-preview":"max-image-preview:large","max-video-preview":"max-video-preview:-1"},"canonical":"https:\/\/romitecnologia.com\/demo-tienda\/formas-de-pago\/","og_locale":"es_ES","og_type":"article","og_title":"Formas de Pago - Tiendateka","og_description":"Formas de Pago En Tiendateka, ofrecemos diversas opciones de pago para tu comodidad: Dep\u00f3sito o transferencia bancaria: Puedes realizar el pago mediante dep\u00f3sito directo o transferencia bancaria. Te proporcionaremos los detalles necesarios para que puedas completar la transacci\u00f3n. Tarjeta de cr\u00e9dito o d\u00e9bito: Aceptamos pagos con tarjetas de cr\u00e9dito o d\u00e9bito. Podr\u00e1s ingresar los datos&hellip;&nbsp;Read More &raquo;Formas de Pago","og_url":"https:\/\/romitecnologia.com\/demo-tienda\/formas-de-pago\/","og_site_name":"Tiendateka","article_publisher":"https:\/\/www.facebook.com\/romitecnologia\/","article_modified_time":"2024-11-18T13:37:02+00:00","og_image":[{"width":1200,"height":675,"url":"https:\/\/romitecnologia.com\/demo-tienda\/wp-content\/uploads\/2023\/09\/TIENDATEKA-PLATAFORMA-ALIADA-10.jpg","type":"image\/jpeg"}],"twitter_card":"summary_large_image","twitter_misc":{"Tiempo de lectura":"1 minuto"},"schema":{"@context":"https:\/\/schema.org","@graph":[{"@type":"WebPage","@id":"https:\/\/romitecnologia.com\/demo-tienda\/formas-de-pago\/","url":"https:\/\/romitecnologia.com\/demo-tienda\/formas-de-pago\/","name":"Formas de Pago - Tiendateka","isPartOf":{"@id":"https:\/\/romitecnologia.com\/demo-tienda\/#website"},"primaryImageOfPage":{"@id":"https:\/\/romitecnologia.com\/demo-tienda\/formas-de-pago\/#primaryimage"},"image":{"@id":"https:\/\/romitecnologia.com\/demo-tienda\/formas-de-pago\/#primaryimage"},"thumbnailUrl":"https:\/\/romitecnologia.com\/demo-tienda\/wp-content\/uploads\/2023\/09\/TIENDATEKA-PLATAFORMA-ALIADA-10.jpg","datePublished":"2023-05-27T18:13:28+00:00","dateModified":"2024-11-18T13:37:02+00:00","breadcrumb":{"@id":"https:\/\/romitecnologia.com\/demo-tienda\/formas-de-pago\/#breadcrumb"},"inLanguage":"es","potentialAction":[{"@type":"ReadAction","target":["https:\/\/romitecnologia.com\/demo-tienda\/formas-de-pago\/"]}]},{"@type":"ImageObject","inLanguage":"es","@id":"https:\/\/romitecnologia.com\/demo-tienda\/formas-de-pago\/#primaryimage","url":"https:\/\/romitecnologia.com\/demo-tienda\/wp-content\/uploads\/2023\/09\/TIENDATEKA-PLATAFORMA-ALIADA-10.jpg","contentUrl":"https:\/\/romitecnologia.com\/demo-tienda\/wp-content\/uploads\/2023\/09\/TIENDATEKA-PLATAFORMA-ALIADA-10.jpg","width":1200,"height":675},{"@type":"BreadcrumbList","@id":"https:\/\/romitecnologia.com\/demo-tienda\/formas-de-pago\/#breadcrumb","itemListElement":[{"@type":"ListItem","position":1,"name":"Portada","item":"https:\/\/romitecnologia.com\/demo-tienda\/"},{"@type":"ListItem","position":2,"name":"Formas de Pago"}]},{"@type":"WebSite","@id":"https:\/\/romitecnologia.com\/demo-tienda\/#website","url":"https:\/\/romitecnologia.com\/demo-tienda\/","name":"Tiendateka","description":"Descubre el para\u00edso de las compras en l\u00ednea","publisher":{"@id":"https:\/\/romitecnologia.com\/demo-tienda\/#organization"},"potentialAction":[{"@type":"SearchAction","target":{"@type":"EntryPoint","urlTemplate":"https:\/\/romitecnologia.com\/demo-tienda\/?s={search_term_string}"},"query-input":{"@type":"PropertyValueSpecification","valueRequired":true,"valueName":"search_term_string"}}],"inLanguage":"es"},{"@type":"Organization","@id":"https:\/\/romitecnologia.com\/demo-tienda\/#organization","name":"Romitelli Tecnolog\u00eda","alternateName":"Romitecnolog\u00eda","url":"https:\/\/romitecnologia.com\/demo-tienda\/","logo":{"@type":"ImageObject","inLanguage":"es","@id":"https:\/\/romitecnologia.com\/demo-tienda\/#\/schema\/logo\/image\/","url":"https:\/\/romitecnologia.com\/demo-tienda\/wp-content\/uploads\/2023\/09\/LOGO-ROMI-13.png","contentUrl":"https:\/\/romitecnologia.com\/demo-tienda\/wp-content\/uploads\/2023\/09\/LOGO-ROMI-13.png","width":1984,"height":1984,"caption":"Romitelli Tecnolog\u00eda"},"image":{"@id":"https:\/\/romitecnologia.com\/demo-tienda\/#\/schema\/logo\/image\/"},"sameAs":["https:\/\/www.facebook.com\/romitecnologia\/","https:\/\/www.instagram.com\/romitecnologia\/"]}]}},"_links":{"self":[{"href":"https:\/\/romitecnologia.com\/demo-tienda\/wp-json\/wp\/v2\/pages\/652","targetHints":{"allow":["GET"]}}],"collection":[{"href":"https:\/\/romitecnologia.com\/demo-tienda\/wp-json\/wp\/v2\/pages"}],"about":[{"href":"https:\/\/romitecnologia.com\/demo-tienda\/wp-json\/wp\/v2\/types\/page"}],"author":[{"embeddable":true,"href":"https:\/\/romitecnologia.com\/demo-tienda\/wp-json\/wp\/v2\/users\/1"}],"replies":[{"embeddable":true,"href":"https:\/\/romitecnologia.com\/demo-tienda\/wp-json\/wp\/v2\/comments?post=652"}],"version-history":[{"count":10,"href":"https:\/\/romitecnologia.com\/demo-tienda\/wp-json\/wp\/v2\/pages\/652\/revisions"}],"predecessor-version":[{"id":1249,"href":"https:\/\/romitecnologia.com\/demo-tienda\/wp-json\/wp\/v2\/pages\/652\/revisions\/1249"}],"wp:featuredmedia":[{"embeddable":true,"href":"https:\/\/romitecnologia.com\/demo-tienda\/wp-json\/wp\/v2\/media\/1066"}],"wp:attachment":[{"href":"https:\/\/romitecnologia.com\/demo-tienda\/wp-json\/wp\/v2\/media?parent=652"}],"curies":[{"name":"wp","href":"https:\/\/api.w.org\/{rel}","templated":true}]}}