{"id":655,"date":"2023-05-27T18:15:59","date_gmt":"2023-05-27T18:15:59","guid":{"rendered":"https:\/\/romitecnologia.com\/demo-tienda\/?page_id=655"},"modified":"2024-11-18T13:38:47","modified_gmt":"2024-11-18T13:38:47","slug":"envios-y-entregas","status":"publish","type":"page","link":"https:\/\/romitecnologia.com\/demo-tienda\/envios-y-entregas\/","title":{"rendered":"Env\u00edos y Entregas"},"content":{"rendered":"\t\t<div data-elementor-type=\"wp-page\" data-elementor-id=\"655\" class=\"elementor elementor-655\" data-elementor-post-type=\"page\">\n\t\t\t\t\t\t<section class=\"elementor-section elementor-top-section elementor-element elementor-element-e417200 elementor-section-full_width elementor-section-height-default elementor-section-height-default\" data-id=\"e417200\" data-element_type=\"section\" data-e-type=\"section\" data-settings=\"{&quot;background_background&quot;:&quot;classic&quot;}\">\n\t\t\t\t\t\t<div class=\"elementor-container elementor-column-gap-no\">\n\t\t\t\t\t<div class=\"elementor-column elementor-col-100 elementor-top-column elementor-element elementor-element-ab87be9\" data-id=\"ab87be9\" data-element_type=\"column\" data-e-type=\"column\">\n\t\t\t<div class=\"elementor-widget-wrap elementor-element-populated\">\n\t\t\t\t\t\t<div class=\"elementor-element elementor-element-ec9539d elementor-widget elementor-widget-spacer\" data-id=\"ec9539d\" data-element_type=\"widget\" data-e-type=\"widget\" data-widget_type=\"spacer.default\">\n\t\t\t\t<div class=\"elementor-widget-container\">\n\t\t\t\t\t\t\t<div class=\"elementor-spacer\">\n\t\t\t<div class=\"elementor-spacer-inner\"><\/div>\n\t\t<\/div>\n\t\t\t\t\t\t<\/div>\n\t\t\t\t<\/div>\n\t\t\t\t\t<\/div>\n\t\t<\/div>\n\t\t\t\t\t<\/div>\n\t\t<\/section>\n\t\t\t\t<section class=\"elementor-section elementor-top-section elementor-element elementor-element-d28ef13 elementor-section-boxed elementor-section-height-default elementor-section-height-default\" data-id=\"d28ef13\" data-element_type=\"section\" data-e-type=\"section\">\n\t\t\t\t\t\t<div class=\"elementor-container elementor-column-gap-default\">\n\t\t\t\t\t<div class=\"elementor-column elementor-col-100 elementor-top-column elementor-element elementor-element-d8cf3c6\" data-id=\"d8cf3c6\" data-element_type=\"column\" data-e-type=\"column\">\n\t\t\t<div class=\"elementor-widget-wrap elementor-element-populated\">\n\t\t\t\t\t\t<div class=\"elementor-element elementor-element-bebc339 elementor-widget elementor-widget-spacer\" data-id=\"bebc339\" data-element_type=\"widget\" data-e-type=\"widget\" data-widget_type=\"spacer.default\">\n\t\t\t\t<div class=\"elementor-widget-container\">\n\t\t\t\t\t\t\t<div class=\"elementor-spacer\">\n\t\t\t<div class=\"elementor-spacer-inner\"><\/div>\n\t\t<\/div>\n\t\t\t\t\t\t<\/div>\n\t\t\t\t<\/div>\n\t\t\t\t\t<\/div>\n\t\t<\/div>\n\t\t\t\t\t<\/div>\n\t\t<\/section>\n\t\t\t\t<section class=\"elementor-section elementor-top-section elementor-element elementor-element-bb2398f elementor-section-boxed elementor-section-height-default elementor-section-height-default\" data-id=\"bb2398f\" data-element_type=\"section\" data-e-type=\"section\">\n\t\t\t\t\t\t<div class=\"elementor-container elementor-column-gap-default\">\n\t\t\t\t\t<div class=\"elementor-column elementor-col-50 elementor-top-column elementor-element elementor-element-8bcba33\" data-id=\"8bcba33\" data-element_type=\"column\" data-e-type=\"column\">\n\t\t\t<div class=\"elementor-widget-wrap elementor-element-populated\">\n\t\t\t\t\t\t<div class=\"elementor-element elementor-element-6d88aae elementor-widget elementor-widget-heading\" data-id=\"6d88aae\" data-element_type=\"widget\" data-e-type=\"widget\" data-widget_type=\"heading.default\">\n\t\t\t\t<div class=\"elementor-widget-container\">\n\t\t\t\t\t<h1 class=\"elementor-heading-title elementor-size-default\">Env\u00edos y Entregas<\/h1>\t\t\t\t<\/div>\n\t\t\t\t<\/div>\n\t\t\t\t\t<\/div>\n\t\t<\/div>\n\t\t\t\t<div class=\"elementor-column elementor-col-50 elementor-top-column elementor-element elementor-element-5b353f9 elementor-hidden-mobile\" data-id=\"5b353f9\" data-element_type=\"column\" data-e-type=\"column\">\n\t\t\t<div class=\"elementor-widget-wrap\">\n\t\t\t\t\t\t\t<\/div>\n\t\t<\/div>\n\t\t\t\t\t<\/div>\n\t\t<\/section>\n\t\t\t\t<section class=\"elementor-section elementor-top-section elementor-element elementor-element-8fde413 elementor-section-boxed elementor-section-height-default elementor-section-height-default\" data-id=\"8fde413\" data-element_type=\"section\" data-e-type=\"section\">\n\t\t\t\t\t\t<div class=\"elementor-container elementor-column-gap-default\">\n\t\t\t\t\t<div class=\"elementor-column elementor-col-100 elementor-top-column elementor-element elementor-element-40dbba0\" data-id=\"40dbba0\" data-element_type=\"column\" data-e-type=\"column\">\n\t\t\t<div class=\"elementor-widget-wrap elementor-element-populated\">\n\t\t\t\t\t\t<div class=\"elementor-element elementor-element-714294e elementor-widget elementor-widget-text-editor\" data-id=\"714294e\" data-element_type=\"widget\" data-e-type=\"widget\" data-widget_type=\"text-editor.default\">\n\t\t\t\t<div class=\"elementor-widget-container\">\n\t\t\t\t\t\t\t\t\t<p><span style=\"color: #000000;\">Una vez recibida la confirmaci\u00f3n de pago por parte del cliente, procederemos a enviar el producto solicitado en un plazo de 24 horas. A este tiempo de procesamiento se sumar\u00e1 el tiempo que el transportista requiera para entregarlo en la direcci\u00f3n indicada por el cliente durante el pedido.<\/span><\/p><p><span style=\"color: #000000;\">En <strong>Tiendateka<\/strong> nos hacemos responsables del estado de la mercader\u00eda hasta el momento de su entrega al transportista. Es responsabilidad del cliente revisar que el producto recibido est\u00e9 en perfectas condiciones f\u00edsicas y coincida con el pedido realizado. Al recibir su pedido, le recomendamos verificar que los sellos de seguridad se encuentren intactos. En caso de detectar alguna anomal\u00eda, le solicitamos que rechace la entrega y se comunique con <strong>Tiendateka<\/strong> para informarnos al respecto.<\/span><\/p><p><span style=\"color: #000000;\">En <strong>Tiendateka<\/strong> nos comprometemos a garantizar un proceso de env\u00edo seguro y confiable. Si tienes alguna pregunta adicional sobre los env\u00edos o necesitas m\u00e1s informaci\u00f3n, no dudes en contactarnos. Estaremos encantados de asistirte.<\/span><\/p>\t\t\t\t\t\t\t\t<\/div>\n\t\t\t\t<\/div>\n\t\t\t\t\t<\/div>\n\t\t<\/div>\n\t\t\t\t\t<\/div>\n\t\t<\/section>\n\t\t\t\t<section class=\"elementor-section elementor-top-section elementor-element elementor-element-42a1841 elementor-hidden-tablet elementor-section-boxed elementor-section-height-default elementor-section-height-default\" data-id=\"42a1841\" data-element_type=\"section\" data-e-type=\"section\" data-settings=\"{&quot;background_background&quot;:&quot;classic&quot;}\">\n\t\t\t\t\t\t<div class=\"elementor-container elementor-column-gap-default\">\n\t\t\t\t\t<div class=\"elementor-column elementor-col-66 elementor-top-column elementor-element elementor-element-fc5fcc8\" data-id=\"fc5fcc8\" data-element_type=\"column\" data-e-type=\"column\">\n\t\t\t<div class=\"elementor-widget-wrap elementor-element-populated\">\n\t\t\t\t\t\t<div class=\"elementor-element elementor-element-aeff606 elementor-widget elementor-widget-heading\" data-id=\"aeff606\" data-element_type=\"widget\" data-e-type=\"widget\" data-widget_type=\"heading.default\">\n\t\t\t\t<div class=\"elementor-widget-container\">\n\t\t\t\t\t<h2 class=\"elementor-heading-title elementor-size-default\">\u00a1No te pierdas nuestras Promociones y Ofertas!<\/h2>\t\t\t\t<\/div>\n\t\t\t\t<\/div>\n\t\t\t\t\t<\/div>\n\t\t<\/div>\n\t\t\t\t<div class=\"elementor-column elementor-col-33 elementor-top-column elementor-element elementor-element-f119020\" data-id=\"f119020\" data-element_type=\"column\" data-e-type=\"column\">\n\t\t\t<div class=\"elementor-widget-wrap elementor-element-populated\">\n\t\t\t\t\t\t<div class=\"elementor-element elementor-element-ecd3a2d elementor-widget elementor-widget-shortcode\" data-id=\"ecd3a2d\" data-element_type=\"widget\" data-e-type=\"widget\" data-widget_type=\"shortcode.default\">\n\t\t\t\t<div class=\"elementor-widget-container\">\n\t\t\t\t\t\t\t<div class=\"elementor-shortcode\"><div class=\"tnp tnp-subscription-minimal \"><form action=\"https:\/\/romitecnologia.com\/demo-tienda\/?na=s\" method=\"post\"><input type=\"hidden\" name=\"nr\" value=\"minimal\"><input type=\"hidden\" name=\"nlang\" value=\"\"><input class=\"tnp-email\" type=\"email\" required name=\"ne\" value=\"\" placeholder=\"Correo electr\u00f3nico\"><input class=\"tnp-submit\" type=\"submit\" value=\"Suscribirse\" style=\"background-color:\"><\/form><\/div>\n<\/div>\n\t\t\t\t\t\t<\/div>\n\t\t\t\t<\/div>\n\t\t\t\t\t<\/div>\n\t\t<\/div>\n\t\t\t\t\t<\/div>\n\t\t<\/section>\n\t\t\t\t<section class=\"elementor-section elementor-top-section elementor-element elementor-element-3eae7a9 elementor-hidden-desktop elementor-hidden-mobile elementor-section-boxed elementor-section-height-default elementor-section-height-default\" data-id=\"3eae7a9\" data-element_type=\"section\" data-e-type=\"section\" data-settings=\"{&quot;background_background&quot;:&quot;classic&quot;}\">\n\t\t\t\t\t\t<div class=\"elementor-container elementor-column-gap-default\">\n\t\t\t\t\t<div class=\"elementor-column elementor-col-66 elementor-top-column elementor-element elementor-element-7b93e55\" data-id=\"7b93e55\" data-element_type=\"column\" data-e-type=\"column\">\n\t\t\t<div class=\"elementor-widget-wrap elementor-element-populated\">\n\t\t\t\t\t\t<div class=\"elementor-element elementor-element-e93c6a6 elementor-widget elementor-widget-heading\" data-id=\"e93c6a6\" data-element_type=\"widget\" data-e-type=\"widget\" data-widget_type=\"heading.default\">\n\t\t\t\t<div class=\"elementor-widget-container\">\n\t\t\t\t\t<h2 class=\"elementor-heading-title elementor-size-default\">\u00a1No te pierdas nuestras Promociones y Ofertas!<\/h2>\t\t\t\t<\/div>\n\t\t\t\t<\/div>\n\t\t\t\t\t<\/div>\n\t\t<\/div>\n\t\t\t\t<div class=\"elementor-column elementor-col-33 elementor-top-column elementor-element elementor-element-1cfbcce\" data-id=\"1cfbcce\" data-element_type=\"column\" data-e-type=\"column\">\n\t\t\t<div class=\"elementor-widget-wrap elementor-element-populated\">\n\t\t\t\t\t\t<div class=\"elementor-element elementor-element-f92bcef elementor-widget elementor-widget-shortcode\" data-id=\"f92bcef\" data-element_type=\"widget\" data-e-type=\"widget\" data-widget_type=\"shortcode.default\">\n\t\t\t\t<div class=\"elementor-widget-container\">\n\t\t\t\t\t\t\t<div class=\"elementor-shortcode\"><div class=\"tnp tnp-subscription-minimal \"><form action=\"https:\/\/romitecnologia.com\/demo-tienda\/?na=s\" method=\"post\"><input type=\"hidden\" name=\"nr\" value=\"minimal\"><input type=\"hidden\" name=\"nlang\" value=\"\"><input class=\"tnp-email\" type=\"email\" required name=\"ne\" value=\"\" placeholder=\"Correo electr\u00f3nico\"><input class=\"tnp-submit\" type=\"submit\" value=\"Suscribirse\" style=\"background-color:\"><\/form><\/div>\n<\/div>\n\t\t\t\t\t\t<\/div>\n\t\t\t\t<\/div>\n\t\t\t\t\t<\/div>\n\t\t<\/div>\n\t\t\t\t\t<\/div>\n\t\t<\/section>\n\t\t\t\t<\/div>\n\t\t","protected":false},"excerpt":{"rendered":"<p>Env\u00edos y Entregas Una vez recibida la confirmaci\u00f3n de pago por parte del cliente, procederemos a enviar el producto solicitado en un plazo de 24 horas. A este tiempo de procesamiento se sumar\u00e1 el tiempo que el transportista requiera para entregarlo en la direcci\u00f3n indicada por el cliente durante el pedido. En Tiendateka nos hacemos&hellip;&nbsp;<a href=\"https:\/\/romitecnologia.com\/demo-tienda\/envios-y-entregas\/\" rel=\"bookmark\">Read More &raquo;<span class=\"screen-reader-text\">Env\u00edos y Entregas<\/span><\/a><\/p>\n","protected":false},"author":1,"featured_media":1066,"parent":0,"menu_order":0,"comment_status":"closed","ping_status":"closed","template":"elementor_header_footer","meta":{"neve_meta_sidebar":"","neve_meta_container":"","neve_meta_enable_content_width":"","neve_meta_content_width":0,"neve_meta_title_alignment":"","neve_meta_author_avatar":"","neve_post_elements_order":"","neve_meta_disable_header":"","neve_meta_disable_footer":"","neve_meta_disable_title":"","neve_meta_reading_time":"","_joinchat":[],"footnotes":""},"class_list":["post-655","page","type-page","status-publish","has-post-thumbnail","hentry"],"yoast_head":"<!-- This site is optimized with the Yoast SEO plugin v27.3 - https:\/\/yoast.com\/product\/yoast-seo-wordpress\/ -->\n<title>Env\u00edos y Entregas - Tiendateka<\/title>\n<meta name=\"robots\" content=\"index, follow, max-snippet:-1, max-image-preview:large, max-video-preview:-1\" \/>\n<link rel=\"canonical\" href=\"https:\/\/romitecnologia.com\/demo-tienda\/envios-y-entregas\/\" \/>\n<meta property=\"og:locale\" content=\"es_ES\" \/>\n<meta property=\"og:type\" content=\"article\" \/>\n<meta property=\"og:title\" content=\"Env\u00edos y Entregas - Tiendateka\" \/>\n<meta property=\"og:description\" content=\"Env\u00edos y Entregas Una vez recibida la confirmaci\u00f3n de pago por parte del cliente, procederemos a enviar el producto solicitado en un plazo de 24 horas. A este tiempo de procesamiento se sumar\u00e1 el tiempo que el transportista requiera para entregarlo en la direcci\u00f3n indicada por el cliente durante el pedido. En Tiendateka nos hacemos&hellip;&nbsp;Read More &raquo;Env\u00edos y Entregas\" \/>\n<meta property=\"og:url\" content=\"https:\/\/romitecnologia.com\/demo-tienda\/envios-y-entregas\/\" \/>\n<meta property=\"og:site_name\" content=\"Tiendateka\" \/>\n<meta property=\"article:publisher\" content=\"https:\/\/www.facebook.com\/romitecnologia\/\" \/>\n<meta property=\"article:modified_time\" content=\"2024-11-18T13:38:47+00:00\" \/>\n<meta property=\"og:image\" content=\"https:\/\/romitecnologia.com\/demo-tienda\/wp-content\/uploads\/2023\/09\/TIENDATEKA-PLATAFORMA-ALIADA-10.jpg\" \/>\n\t<meta property=\"og:image:width\" content=\"1200\" \/>\n\t<meta property=\"og:image:height\" content=\"675\" \/>\n\t<meta property=\"og:image:type\" content=\"image\/jpeg\" \/>\n<meta name=\"twitter:card\" content=\"summary_large_image\" \/>\n<meta name=\"twitter:label1\" content=\"Tiempo de lectura\" \/>\n\t<meta name=\"twitter:data1\" content=\"1 minuto\" \/>\n<script type=\"application\/ld+json\" class=\"yoast-schema-graph\">{\"@context\":\"https:\\\/\\\/schema.org\",\"@graph\":[{\"@type\":\"WebPage\",\"@id\":\"https:\\\/\\\/romitecnologia.com\\\/demo-tienda\\\/envios-y-entregas\\\/\",\"url\":\"https:\\\/\\\/romitecnologia.com\\\/demo-tienda\\\/envios-y-entregas\\\/\",\"name\":\"Env\u00edos y Entregas - Tiendateka\",\"isPartOf\":{\"@id\":\"https:\\\/\\\/romitecnologia.com\\\/demo-tienda\\\/#website\"},\"primaryImageOfPage\":{\"@id\":\"https:\\\/\\\/romitecnologia.com\\\/demo-tienda\\\/envios-y-entregas\\\/#primaryimage\"},\"image\":{\"@id\":\"https:\\\/\\\/romitecnologia.com\\\/demo-tienda\\\/envios-y-entregas\\\/#primaryimage\"},\"thumbnailUrl\":\"https:\\\/\\\/romitecnologia.com\\\/demo-tienda\\\/wp-content\\\/uploads\\\/2023\\\/09\\\/TIENDATEKA-PLATAFORMA-ALIADA-10.jpg\",\"datePublished\":\"2023-05-27T18:15:59+00:00\",\"dateModified\":\"2024-11-18T13:38:47+00:00\",\"breadcrumb\":{\"@id\":\"https:\\\/\\\/romitecnologia.com\\\/demo-tienda\\\/envios-y-entregas\\\/#breadcrumb\"},\"inLanguage\":\"es\",\"potentialAction\":[{\"@type\":\"ReadAction\",\"target\":[\"https:\\\/\\\/romitecnologia.com\\\/demo-tienda\\\/envios-y-entregas\\\/\"]}]},{\"@type\":\"ImageObject\",\"inLanguage\":\"es\",\"@id\":\"https:\\\/\\\/romitecnologia.com\\\/demo-tienda\\\/envios-y-entregas\\\/#primaryimage\",\"url\":\"https:\\\/\\\/romitecnologia.com\\\/demo-tienda\\\/wp-content\\\/uploads\\\/2023\\\/09\\\/TIENDATEKA-PLATAFORMA-ALIADA-10.jpg\",\"contentUrl\":\"https:\\\/\\\/romitecnologia.com\\\/demo-tienda\\\/wp-content\\\/uploads\\\/2023\\\/09\\\/TIENDATEKA-PLATAFORMA-ALIADA-10.jpg\",\"width\":1200,\"height\":675},{\"@type\":\"BreadcrumbList\",\"@id\":\"https:\\\/\\\/romitecnologia.com\\\/demo-tienda\\\/envios-y-entregas\\\/#breadcrumb\",\"itemListElement\":[{\"@type\":\"ListItem\",\"position\":1,\"name\":\"Portada\",\"item\":\"https:\\\/\\\/romitecnologia.com\\\/demo-tienda\\\/\"},{\"@type\":\"ListItem\",\"position\":2,\"name\":\"Env\u00edos y Entregas\"}]},{\"@type\":\"WebSite\",\"@id\":\"https:\\\/\\\/romitecnologia.com\\\/demo-tienda\\\/#website\",\"url\":\"https:\\\/\\\/romitecnologia.com\\\/demo-tienda\\\/\",\"name\":\"Tiendateka\",\"description\":\"Descubre el para\u00edso de las compras en l\u00ednea\",\"publisher\":{\"@id\":\"https:\\\/\\\/romitecnologia.com\\\/demo-tienda\\\/#organization\"},\"potentialAction\":[{\"@type\":\"SearchAction\",\"target\":{\"@type\":\"EntryPoint\",\"urlTemplate\":\"https:\\\/\\\/romitecnologia.com\\\/demo-tienda\\\/?s={search_term_string}\"},\"query-input\":{\"@type\":\"PropertyValueSpecification\",\"valueRequired\":true,\"valueName\":\"search_term_string\"}}],\"inLanguage\":\"es\"},{\"@type\":\"Organization\",\"@id\":\"https:\\\/\\\/romitecnologia.com\\\/demo-tienda\\\/#organization\",\"name\":\"Romitelli Tecnolog\u00eda\",\"alternateName\":\"Romitecnolog\u00eda\",\"url\":\"https:\\\/\\\/romitecnologia.com\\\/demo-tienda\\\/\",\"logo\":{\"@type\":\"ImageObject\",\"inLanguage\":\"es\",\"@id\":\"https:\\\/\\\/romitecnologia.com\\\/demo-tienda\\\/#\\\/schema\\\/logo\\\/image\\\/\",\"url\":\"https:\\\/\\\/romitecnologia.com\\\/demo-tienda\\\/wp-content\\\/uploads\\\/2023\\\/09\\\/LOGO-ROMI-13.png\",\"contentUrl\":\"https:\\\/\\\/romitecnologia.com\\\/demo-tienda\\\/wp-content\\\/uploads\\\/2023\\\/09\\\/LOGO-ROMI-13.png\",\"width\":1984,\"height\":1984,\"caption\":\"Romitelli Tecnolog\u00eda\"},\"image\":{\"@id\":\"https:\\\/\\\/romitecnologia.com\\\/demo-tienda\\\/#\\\/schema\\\/logo\\\/image\\\/\"},\"sameAs\":[\"https:\\\/\\\/www.facebook.com\\\/romitecnologia\\\/\",\"https:\\\/\\\/www.instagram.com\\\/romitecnologia\\\/\"]}]}<\/script>\n<!-- \/ Yoast SEO plugin. -->","yoast_head_json":{"title":"Env\u00edos y Entregas - Tiendateka","robots":{"index":"index","follow":"follow","max-snippet":"max-snippet:-1","max-image-preview":"max-image-preview:large","max-video-preview":"max-video-preview:-1"},"canonical":"https:\/\/romitecnologia.com\/demo-tienda\/envios-y-entregas\/","og_locale":"es_ES","og_type":"article","og_title":"Env\u00edos y Entregas - Tiendateka","og_description":"Env\u00edos y Entregas Una vez recibida la confirmaci\u00f3n de pago por parte del cliente, procederemos a enviar el producto solicitado en un plazo de 24 horas. A este tiempo de procesamiento se sumar\u00e1 el tiempo que el transportista requiera para entregarlo en la direcci\u00f3n indicada por el cliente durante el pedido. En Tiendateka nos hacemos&hellip;&nbsp;Read More &raquo;Env\u00edos y Entregas","og_url":"https:\/\/romitecnologia.com\/demo-tienda\/envios-y-entregas\/","og_site_name":"Tiendateka","article_publisher":"https:\/\/www.facebook.com\/romitecnologia\/","article_modified_time":"2024-11-18T13:38:47+00:00","og_image":[{"width":1200,"height":675,"url":"https:\/\/romitecnologia.com\/demo-tienda\/wp-content\/uploads\/2023\/09\/TIENDATEKA-PLATAFORMA-ALIADA-10.jpg","type":"image\/jpeg"}],"twitter_card":"summary_large_image","twitter_misc":{"Tiempo de lectura":"1 minuto"},"schema":{"@context":"https:\/\/schema.org","@graph":[{"@type":"WebPage","@id":"https:\/\/romitecnologia.com\/demo-tienda\/envios-y-entregas\/","url":"https:\/\/romitecnologia.com\/demo-tienda\/envios-y-entregas\/","name":"Env\u00edos y Entregas - Tiendateka","isPartOf":{"@id":"https:\/\/romitecnologia.com\/demo-tienda\/#website"},"primaryImageOfPage":{"@id":"https:\/\/romitecnologia.com\/demo-tienda\/envios-y-entregas\/#primaryimage"},"image":{"@id":"https:\/\/romitecnologia.com\/demo-tienda\/envios-y-entregas\/#primaryimage"},"thumbnailUrl":"https:\/\/romitecnologia.com\/demo-tienda\/wp-content\/uploads\/2023\/09\/TIENDATEKA-PLATAFORMA-ALIADA-10.jpg","datePublished":"2023-05-27T18:15:59+00:00","dateModified":"2024-11-18T13:38:47+00:00","breadcrumb":{"@id":"https:\/\/romitecnologia.com\/demo-tienda\/envios-y-entregas\/#breadcrumb"},"inLanguage":"es","potentialAction":[{"@type":"ReadAction","target":["https:\/\/romitecnologia.com\/demo-tienda\/envios-y-entregas\/"]}]},{"@type":"ImageObject","inLanguage":"es","@id":"https:\/\/romitecnologia.com\/demo-tienda\/envios-y-entregas\/#primaryimage","url":"https:\/\/romitecnologia.com\/demo-tienda\/wp-content\/uploads\/2023\/09\/TIENDATEKA-PLATAFORMA-ALIADA-10.jpg","contentUrl":"https:\/\/romitecnologia.com\/demo-tienda\/wp-content\/uploads\/2023\/09\/TIENDATEKA-PLATAFORMA-ALIADA-10.jpg","width":1200,"height":675},{"@type":"BreadcrumbList","@id":"https:\/\/romitecnologia.com\/demo-tienda\/envios-y-entregas\/#breadcrumb","itemListElement":[{"@type":"ListItem","position":1,"name":"Portada","item":"https:\/\/romitecnologia.com\/demo-tienda\/"},{"@type":"ListItem","position":2,"name":"Env\u00edos y Entregas"}]},{"@type":"WebSite","@id":"https:\/\/romitecnologia.com\/demo-tienda\/#website","url":"https:\/\/romitecnologia.com\/demo-tienda\/","name":"Tiendateka","description":"Descubre el para\u00edso de las compras en l\u00ednea","publisher":{"@id":"https:\/\/romitecnologia.com\/demo-tienda\/#organization"},"potentialAction":[{"@type":"SearchAction","target":{"@type":"EntryPoint","urlTemplate":"https:\/\/romitecnologia.com\/demo-tienda\/?s={search_term_string}"},"query-input":{"@type":"PropertyValueSpecification","valueRequired":true,"valueName":"search_term_string"}}],"inLanguage":"es"},{"@type":"Organization","@id":"https:\/\/romitecnologia.com\/demo-tienda\/#organization","name":"Romitelli Tecnolog\u00eda","alternateName":"Romitecnolog\u00eda","url":"https:\/\/romitecnologia.com\/demo-tienda\/","logo":{"@type":"ImageObject","inLanguage":"es","@id":"https:\/\/romitecnologia.com\/demo-tienda\/#\/schema\/logo\/image\/","url":"https:\/\/romitecnologia.com\/demo-tienda\/wp-content\/uploads\/2023\/09\/LOGO-ROMI-13.png","contentUrl":"https:\/\/romitecnologia.com\/demo-tienda\/wp-content\/uploads\/2023\/09\/LOGO-ROMI-13.png","width":1984,"height":1984,"caption":"Romitelli Tecnolog\u00eda"},"image":{"@id":"https:\/\/romitecnologia.com\/demo-tienda\/#\/schema\/logo\/image\/"},"sameAs":["https:\/\/www.facebook.com\/romitecnologia\/","https:\/\/www.instagram.com\/romitecnologia\/"]}]}},"_links":{"self":[{"href":"https:\/\/romitecnologia.com\/demo-tienda\/wp-json\/wp\/v2\/pages\/655","targetHints":{"allow":["GET"]}}],"collection":[{"href":"https:\/\/romitecnologia.com\/demo-tienda\/wp-json\/wp\/v2\/pages"}],"about":[{"href":"https:\/\/romitecnologia.com\/demo-tienda\/wp-json\/wp\/v2\/types\/page"}],"author":[{"embeddable":true,"href":"https:\/\/romitecnologia.com\/demo-tienda\/wp-json\/wp\/v2\/users\/1"}],"replies":[{"embeddable":true,"href":"https:\/\/romitecnologia.com\/demo-tienda\/wp-json\/wp\/v2\/comments?post=655"}],"version-history":[{"count":10,"href":"https:\/\/romitecnologia.com\/demo-tienda\/wp-json\/wp\/v2\/pages\/655\/revisions"}],"predecessor-version":[{"id":1252,"href":"https:\/\/romitecnologia.com\/demo-tienda\/wp-json\/wp\/v2\/pages\/655\/revisions\/1252"}],"wp:featuredmedia":[{"embeddable":true,"href":"https:\/\/romitecnologia.com\/demo-tienda\/wp-json\/wp\/v2\/media\/1066"}],"wp:attachment":[{"href":"https:\/\/romitecnologia.com\/demo-tienda\/wp-json\/wp\/v2\/media?parent=655"}],"curies":[{"name":"wp","href":"https:\/\/api.w.org\/{rel}","templated":true}]}}