{"id":831,"date":"2023-07-18T20:13:37","date_gmt":"2023-07-18T20:13:37","guid":{"rendered":"https:\/\/romitecnologia.com\/demo-tienda\/?post_type=product&#038;p=831"},"modified":"2025-08-21T16:29:49","modified_gmt":"2025-08-21T16:29:49","slug":"sistema-profesional-para-comercios-facturacion-inventario","status":"publish","type":"product","link":"https:\/\/romitecnologia.com\/demo-tienda\/producto\/sistema-profesional-para-comercios-facturacion-inventario\/","title":{"rendered":"Sistema Profesional Para Comercios Facturaci\u00f3n Inventario"},"content":{"rendered":"<p style=\"text-align: left;\"><strong>TPV COMERCIO<\/strong><\/p>\n<p style=\"text-align: left;\">TPV Comercio programa f\u00e1cil y sencillo para la gesti\u00f3n completa de comercios. Con apertura de turnos y control de cajeros Creaci\u00f3n y modificaci\u00f3n de art\u00edculos por referencias, control de stock de forma f\u00e1cil e intuitiva, tambi\u00e9n genera etiquetas para la impresi\u00f3n de c\u00f3digo de barras. Control de tallas y colores o por n\u00famero de serie. Generaci\u00f3n de presupuestos, proforma, albaranes, y factura de ventas y compra. Exportaci\u00f3n de listados e informes.<\/p>\n<p style=\"text-align: left;\"><strong>SISTEMAS OPERATIVOS COMPATIBLES<\/strong><br \/>\nWINDOWS: XP \/ 2000 SERVER\/ 2003 SERVER\/ VISTA\/ 7 \/ 8 \/ 8 .1 \/ 10<br \/>\nSOFTWARE: 32 &amp; 64 BITS<\/p>\n<p style=\"text-align: left;\"><strong>REQUISITOS M\u00cdNIMOS DEL SISTEMA<\/strong><br \/>\n*Procesador 100Mhz<br \/>\n*Memoria RAM 32Mb<br \/>\n*40 Mb de disco duro libre<br \/>\n*Resoluci\u00f3n gr\u00e1fica m\u00ednima de 1024 x 768<\/p>\n<p style=\"text-align: left;\">Incluido video de instalaci\u00f3n y registro, manual de usuario Compatible con Windows XP \/ 7 \/ 8 \/ 8.1 \/ 1O para 32 y 64 bits<\/p>\n<p style=\"text-align: left;\"><strong>CARACTER\u00cdSTICAS<\/strong><\/p>\n<p style=\"text-align: left;\">Windows 2003 Server, XP, Vista, 7, y 8. Entorno de ventanas MDI Soporte para red local. Funciona en un n\u00famero ilimitado de puestos de trabajo. Multiempresa. Posibilidad de gestionar hasta 99 empresas.<br \/>\nLas copias de seguridad se hacen en ficheros de formato comprimido al cerrar el programa o dispone la posibilidad de hacer copias en la Nube.<br \/>\nNuevo Fichero de Usuarios. Nada m\u00e1s arrancar el programa, la primera ventana que aparece es la de selecci\u00f3n de Usuarios. Al seleccionar el usuario, ya tienes asignados todos los permisos y derechos para poder entrar a las diferentes opciones del programa. Para poder crear, modificar o eliminar usuarios, podemos entrar al men\u00fa Ficheros -&gt; Usuarios.<br \/>\nTambi\u00e9n se ha puesto en todos los ficheros y en todos los documentos una lista en la parte izquierda con todos los registros que hay dentro del fichero actual. De esta forma se consigue una b\u00fasqueda m\u00e1s r\u00e1pida que pinchando el bot\u00f3n buscar.<br \/>\nTickets: gran pantalla donde se muestran todas las familias de art\u00edculos Pinchando en cada familia, se muestran todos los art\u00edculos que pertenecen a dicha familia con su gr\u00e1fico correspondiente. Puede ser usado con una pantalla t\u00e1ctil. Incluye una completa gama de art\u00edculos ya hechos con sus correspondientes im\u00e1genes. Cambio de empleados y de puestos.<br \/>\nCambio de precios y de cantidad. Posibilidad de aplazar ticket y de ver todos los tickets aplazados. Configuraci\u00f3n de todos los dispositivos (impresora de tickets, caj\u00f3n, portamonedas)<br \/>\nAlmac\u00e9n: varias tarifas de precio, control de stock, tabla de descuentos, porcentaje de impuestos, art\u00edculos por familias, art\u00edculos compuestos, p\u00e1gina de documentos.<br \/>\nClientes: agrupaci\u00f3n de clientes por zonas, representante asociado, forma de pago que usa el cliente, tarifa a usar, tabla de descuentos, tipo de impuestos, banco, riesgo, p\u00e1gina de estad\u00edsticas con los totales del cliente, p\u00e1gina de acumulados y gr\u00e1ficos (al igual que en almac\u00e9n) y p\u00e1gina de documentos con la relaci\u00f3n de todos los documentos donde aparece este cliente.<br \/>\nProveedores: forma de pago que usa el proveedor, descuento pronto pago por defecto, tabla de descuentos, tipo de impuestos, p\u00e1gina de estad\u00edsticas con los totales del proveedor, p\u00e1gina de acumulados y gr\u00e1ficos con la informaci\u00f3n de todos los movimientos agrupada por meses y p\u00e1gina de documentos con la relaci\u00f3n de todos los documentos donde aparece este cliente.<br \/>\nEmpleados y Puestos: p\u00e1gina de estad\u00edsticas, p\u00e1gina de acumulados y p\u00e1gina de documentos.<br \/>\nVentas: Tickets, Presupuestos, Facturas Proforma, Pedidos de Clientes, Albaranes y Facturas.<br \/>\nPosibilidad de hacer facturas directas, facturar tickets, facturas de un solo cliente a partir de sus albaranes y facturaci\u00f3n general de todos los clientes. B\u00fasqueda de precios y descuentos.<br \/>\nPosibilidad de convertir un presupuesto a albar\u00e1n y un albar\u00e1n a factura directamente.<br \/>\nPosibilidad de cambiar la tarifa de venta. Emisi\u00f3n de recibos autom\u00e1ticamente de stock.<br \/>\nPosibilidad de modificar o crear sus propios formatos de impresi\u00f3n (incluso de tickets).<br \/>\nCompras: Pedidos a Proveedores, Albaranes de Compra y Facturas de Compra. Posibilidad de registrar facturas de compras directamente o a partir de sus albaranes de compra. B\u00fasqueda 4 de art\u00edculos selectiva. B\u00fasquedas de precios y descuentos. Posibilidad de convertir un Pedido a Albar\u00e1n o un Albar\u00e1n a Factura de Compra directamente. Emisi\u00f3n de pagos autom\u00e1ticamente a partir de la forma de pago del proveedor. Actualizaci\u00f3n autom\u00e1tica de stock. Posibilidad de actualizar autom\u00e1ticamente tarifas de precios en funci\u00f3n del \u00faltimo precio de compra.<br \/>\nTesorer\u00eda: Fichero de Cajas con p\u00e1ginas de estad\u00edsticas, acumulados y relaci\u00f3n de documentos.<br \/>\nRecibos de Clientes, Pagos a Proveedores, Pagos a Empleados, Pagos a Representantes, Ingresos y Gastos.<br \/>\nListados de todos los ficheros totalmente configurables. Se pueden elegir los campos a listar, los filtros del listado y el orden por cualquier campo. Tipo de letra a elecci\u00f3n del usuario.<br \/>\nListados en pantalla, impresora o fichero.<br \/>\nImpresi\u00f3n de etiquetas totalmente configurables. Se pueden especificar el tama\u00f1o y la separaci\u00f3n entre etiquetas. Tipo de letra a elecci\u00f3n del usuario. Etiquetas de art\u00edculos con c\u00f3digo de barras. Etiquetas de clientes, proveedores, representantes y empleados.<\/p>\n<p style=\"text-align: left;\">Gran variedad de Informes. Cierre de caja<br \/>\nInforme de almac\u00e9n:<br \/>\nInventario valorado por coste promedio y por \u00faltimo precio. Ubicaci\u00f3n de art\u00edculos.<br \/>\nTarifas de precios.<br \/>\nArt\u00edculos bajo m\u00ednimo y art\u00edculos sobre m\u00e1ximo. Art\u00edculos caducados<br \/>\nBeneficio de Art\u00edculos por Familia.<br \/>\nEnv\u00edo autom\u00e1tico del cierre de caja por e-mail. Informes de clientes:<br \/>\nClientes Deudores.<br \/>\nClientes que superan su riesgo m\u00e1ximo. Grandes clientes.<br \/>\nTarifas de clientes. Clientes por zonas. Informes de proveedores:<br \/>\nProveedores Acreedores.<br \/>\nProveedores que hemos superado su riesgo. Grandes proveedores.<br \/>\nInformes de ventas<br \/>\nLibro de facturas emitidas<br \/>\nPresupuesto, pedidos y albaranes pendientes. Facturas pendientes de cobro.<br \/>\nBeneficio obtenido el Albaranes y Facturas. Informes de compras:<br \/>\nLibros de facturas recibidas. Pedidos y albaranes pendientes.<br \/>\nFacturas de compra pendientes de pago. Informes de tesorer\u00eda:<br \/>\nSituaci\u00f3n de cajas.<br \/>\nRecibos y pagos mensuales. Recibos y pagos pendientes. Parte diario resumen de Ventas.<\/p>\n<p style=\"text-align: left;\">Utilidades para la modificaci\u00f3n masiva de art\u00edculos, clientes, proveedores y representantes.<br \/>\nModificaci\u00f3n de tarifas de precios en art\u00edculos. Ajustar tarifas de precios de art\u00edculos compuestos seg\u00fan precios de componentes. Ajustar tarifas de precios seg\u00fan porcentaje de beneficios.<br \/>\nUtilidad para modificar o crear nuevos formatos de impresi\u00f3n para todos los documentos (Presupuestos, Albaranes, Facturas, Recibos y Pagos). El usuario se puede crear el formato de factura que desee. Tambi\u00e9n incluye gr\u00e1ficos.<br \/>\nEmisi\u00f3n de Recibos para Bancos.<br \/>\nPosibilidad de traspasar datos entre las diferentes empresas creadas. Utilidades de List\u00edn Telef\u00f3nico, Agenda y Calculadora.<\/p>\n","protected":false},"excerpt":{"rendered":"<p style=\"text-align: left;\"><strong>TPV COMERCIO<\/strong><\/p>\n<p style=\"text-align: left;\">TPV Comercio programa f\u00e1cil y sencillo para la gesti\u00f3n completa de comercios. Con apertura de turnos y control de cajeros Creaci\u00f3n y modificaci\u00f3n de art\u00edculos por referencias, control de stock de forma f\u00e1cil e intuitiva, tambi\u00e9n genera etiquetas para la impresi\u00f3n de c\u00f3digo de barras. Control de tallas y colores o por n\u00famero de serie. Generaci\u00f3n de presupuestos, proforma, albaranes, y factura de ventas y compra. Exportaci\u00f3n de listados e informes.<\/p>\n","protected":false},"featured_media":814,"comment_status":"closed","ping_status":"closed","template":"","meta":{"neve_meta_sidebar":"","neve_meta_container":"","neve_meta_enable_content_width":"off","neve_meta_content_width":100,"neve_meta_title_alignment":"","neve_meta_author_avatar":"","neve_post_elements_order":"","neve_meta_disable_header":"","neve_meta_disable_footer":"","neve_meta_disable_title":"","neve_meta_reading_time":"","_joinchat":[]},"product_brand":[],"product_cat":[26],"product_tag":[],"class_list":{"0":"post-831","1":"product","2":"type-product","3":"status-publish","4":"has-post-thumbnail","6":"product_cat-software","8":"first","9":"instock","10":"sale","11":"featured","12":"virtual","13":"purchasable","14":"product-type-simple"},"yoast_head":"<!-- This site is optimized with the Yoast SEO plugin v27.3 - https:\/\/yoast.com\/product\/yoast-seo-wordpress\/ -->\n<title>Sistema Profesional Para Comercios Facturaci\u00f3n Inventario - Tiendateka<\/title>\n<meta name=\"description\" content=\"Optimiza la gesti\u00f3n de tu negocio en Venezuela con nuestro sistema de facturaci\u00f3n e inventario. Controla tus ventas y existencias de modo eficiente.\" \/>\n<meta name=\"robots\" content=\"index, follow, max-snippet:-1, max-image-preview:large, max-video-preview:-1\" \/>\n<link rel=\"canonical\" href=\"https:\/\/romitecnologia.com\/demo-tienda\/producto\/sistema-profesional-para-comercios-facturacion-inventario\/\" \/>\n<meta property=\"og:locale\" content=\"es_ES\" \/>\n<meta property=\"og:type\" content=\"article\" \/>\n<meta property=\"og:title\" content=\"Sistema Profesional Para Comercios Facturaci\u00f3n Inventario - Tiendateka\" \/>\n<meta property=\"og:description\" content=\"Optimiza la gesti\u00f3n de tu negocio en Venezuela con nuestro sistema de facturaci\u00f3n e inventario. Controla tus ventas y existencias de modo eficiente.\" \/>\n<meta property=\"og:url\" content=\"https:\/\/romitecnologia.com\/demo-tienda\/producto\/sistema-profesional-para-comercios-facturacion-inventario\/\" \/>\n<meta property=\"og:site_name\" content=\"Tiendateka\" \/>\n<meta property=\"article:publisher\" content=\"https:\/\/www.facebook.com\/romitecnologia\/\" \/>\n<meta property=\"article:modified_time\" content=\"2025-08-21T16:29:49+00:00\" \/>\n<meta property=\"og:image\" content=\"https:\/\/romitecnologia.com\/demo-tienda\/wp-content\/uploads\/2023\/07\/Sistema-Profesional-Para-Comercios.jpg\" \/>\n\t<meta property=\"og:image:width\" content=\"1750\" \/>\n\t<meta property=\"og:image:height\" content=\"1750\" \/>\n\t<meta property=\"og:image:type\" content=\"image\/jpeg\" \/>\n<meta name=\"twitter:card\" content=\"summary_large_image\" \/>\n<meta name=\"twitter:label1\" content=\"Tiempo de lectura\" \/>\n\t<meta name=\"twitter:data1\" content=\"5 minutos\" \/>\n<script type=\"application\/ld+json\" class=\"yoast-schema-graph\">{\"@context\":\"https:\\\/\\\/schema.org\",\"@graph\":[{\"@type\":\"WebPage\",\"@id\":\"https:\\\/\\\/romitecnologia.com\\\/demo-tienda\\\/producto\\\/sistema-profesional-para-comercios-facturacion-inventario\\\/\",\"url\":\"https:\\\/\\\/romitecnologia.com\\\/demo-tienda\\\/producto\\\/sistema-profesional-para-comercios-facturacion-inventario\\\/\",\"name\":\"Sistema Profesional Para Comercios Facturaci\u00f3n Inventario - Tiendateka\",\"isPartOf\":{\"@id\":\"https:\\\/\\\/romitecnologia.com\\\/demo-tienda\\\/#website\"},\"primaryImageOfPage\":{\"@id\":\"https:\\\/\\\/romitecnologia.com\\\/demo-tienda\\\/producto\\\/sistema-profesional-para-comercios-facturacion-inventario\\\/#primaryimage\"},\"image\":{\"@id\":\"https:\\\/\\\/romitecnologia.com\\\/demo-tienda\\\/producto\\\/sistema-profesional-para-comercios-facturacion-inventario\\\/#primaryimage\"},\"thumbnailUrl\":\"https:\\\/\\\/romitecnologia.com\\\/demo-tienda\\\/wp-content\\\/uploads\\\/2023\\\/07\\\/Sistema-Profesional-Para-Comercios.jpg\",\"datePublished\":\"2023-07-18T20:13:37+00:00\",\"dateModified\":\"2025-08-21T16:29:49+00:00\",\"description\":\"Optimiza la gesti\u00f3n de tu negocio en Venezuela con nuestro sistema de facturaci\u00f3n e inventario. Controla tus ventas y existencias de modo eficiente.\",\"breadcrumb\":{\"@id\":\"https:\\\/\\\/romitecnologia.com\\\/demo-tienda\\\/producto\\\/sistema-profesional-para-comercios-facturacion-inventario\\\/#breadcrumb\"},\"inLanguage\":\"es\",\"potentialAction\":[{\"@type\":\"ReadAction\",\"target\":[\"https:\\\/\\\/romitecnologia.com\\\/demo-tienda\\\/producto\\\/sistema-profesional-para-comercios-facturacion-inventario\\\/\"]}]},{\"@type\":\"ImageObject\",\"inLanguage\":\"es\",\"@id\":\"https:\\\/\\\/romitecnologia.com\\\/demo-tienda\\\/producto\\\/sistema-profesional-para-comercios-facturacion-inventario\\\/#primaryimage\",\"url\":\"https:\\\/\\\/romitecnologia.com\\\/demo-tienda\\\/wp-content\\\/uploads\\\/2023\\\/07\\\/Sistema-Profesional-Para-Comercios.jpg\",\"contentUrl\":\"https:\\\/\\\/romitecnologia.com\\\/demo-tienda\\\/wp-content\\\/uploads\\\/2023\\\/07\\\/Sistema-Profesional-Para-Comercios.jpg\",\"width\":1750,\"height\":1750},{\"@type\":\"BreadcrumbList\",\"@id\":\"https:\\\/\\\/romitecnologia.com\\\/demo-tienda\\\/producto\\\/sistema-profesional-para-comercios-facturacion-inventario\\\/#breadcrumb\",\"itemListElement\":[{\"@type\":\"ListItem\",\"position\":1,\"name\":\"Portada\",\"item\":\"https:\\\/\\\/romitecnologia.com\\\/demo-tienda\\\/\"},{\"@type\":\"ListItem\",\"position\":2,\"name\":\"Tienda\",\"item\":\"https:\\\/\\\/romitecnologia.com\\\/demo-tienda\\\/tienda\\\/\"},{\"@type\":\"ListItem\",\"position\":3,\"name\":\"Sistema Profesional Para Comercios Facturaci\u00f3n Inventario\"}]},{\"@type\":\"WebSite\",\"@id\":\"https:\\\/\\\/romitecnologia.com\\\/demo-tienda\\\/#website\",\"url\":\"https:\\\/\\\/romitecnologia.com\\\/demo-tienda\\\/\",\"name\":\"Tiendateka\",\"description\":\"Descubre el para\u00edso de las compras en l\u00ednea\",\"publisher\":{\"@id\":\"https:\\\/\\\/romitecnologia.com\\\/demo-tienda\\\/#organization\"},\"potentialAction\":[{\"@type\":\"SearchAction\",\"target\":{\"@type\":\"EntryPoint\",\"urlTemplate\":\"https:\\\/\\\/romitecnologia.com\\\/demo-tienda\\\/?s={search_term_string}\"},\"query-input\":{\"@type\":\"PropertyValueSpecification\",\"valueRequired\":true,\"valueName\":\"search_term_string\"}}],\"inLanguage\":\"es\"},{\"@type\":\"Organization\",\"@id\":\"https:\\\/\\\/romitecnologia.com\\\/demo-tienda\\\/#organization\",\"name\":\"Romitelli Tecnolog\u00eda\",\"alternateName\":\"Romitecnolog\u00eda\",\"url\":\"https:\\\/\\\/romitecnologia.com\\\/demo-tienda\\\/\",\"logo\":{\"@type\":\"ImageObject\",\"inLanguage\":\"es\",\"@id\":\"https:\\\/\\\/romitecnologia.com\\\/demo-tienda\\\/#\\\/schema\\\/logo\\\/image\\\/\",\"url\":\"https:\\\/\\\/romitecnologia.com\\\/demo-tienda\\\/wp-content\\\/uploads\\\/2023\\\/09\\\/LOGO-ROMI-13.png\",\"contentUrl\":\"https:\\\/\\\/romitecnologia.com\\\/demo-tienda\\\/wp-content\\\/uploads\\\/2023\\\/09\\\/LOGO-ROMI-13.png\",\"width\":1984,\"height\":1984,\"caption\":\"Romitelli Tecnolog\u00eda\"},\"image\":{\"@id\":\"https:\\\/\\\/romitecnologia.com\\\/demo-tienda\\\/#\\\/schema\\\/logo\\\/image\\\/\"},\"sameAs\":[\"https:\\\/\\\/www.facebook.com\\\/romitecnologia\\\/\",\"https:\\\/\\\/www.instagram.com\\\/romitecnologia\\\/\"]}]}<\/script>\n<!-- \/ Yoast SEO plugin. -->","yoast_head_json":{"title":"Sistema Profesional Para Comercios Facturaci\u00f3n Inventario - Tiendateka","description":"Optimiza la gesti\u00f3n de tu negocio en Venezuela con nuestro sistema de facturaci\u00f3n e inventario. Controla tus ventas y existencias de modo eficiente.","robots":{"index":"index","follow":"follow","max-snippet":"max-snippet:-1","max-image-preview":"max-image-preview:large","max-video-preview":"max-video-preview:-1"},"canonical":"https:\/\/romitecnologia.com\/demo-tienda\/producto\/sistema-profesional-para-comercios-facturacion-inventario\/","og_locale":"es_ES","og_type":"article","og_title":"Sistema Profesional Para Comercios Facturaci\u00f3n Inventario - Tiendateka","og_description":"Optimiza la gesti\u00f3n de tu negocio en Venezuela con nuestro sistema de facturaci\u00f3n e inventario. Controla tus ventas y existencias de modo eficiente.","og_url":"https:\/\/romitecnologia.com\/demo-tienda\/producto\/sistema-profesional-para-comercios-facturacion-inventario\/","og_site_name":"Tiendateka","article_publisher":"https:\/\/www.facebook.com\/romitecnologia\/","article_modified_time":"2025-08-21T16:29:49+00:00","og_image":[{"width":1750,"height":1750,"url":"https:\/\/romitecnologia.com\/demo-tienda\/wp-content\/uploads\/2023\/07\/Sistema-Profesional-Para-Comercios.jpg","type":"image\/jpeg"}],"twitter_card":"summary_large_image","twitter_misc":{"Tiempo de lectura":"5 minutos"},"schema":{"@context":"https:\/\/schema.org","@graph":[{"@type":"WebPage","@id":"https:\/\/romitecnologia.com\/demo-tienda\/producto\/sistema-profesional-para-comercios-facturacion-inventario\/","url":"https:\/\/romitecnologia.com\/demo-tienda\/producto\/sistema-profesional-para-comercios-facturacion-inventario\/","name":"Sistema Profesional Para Comercios Facturaci\u00f3n Inventario - Tiendateka","isPartOf":{"@id":"https:\/\/romitecnologia.com\/demo-tienda\/#website"},"primaryImageOfPage":{"@id":"https:\/\/romitecnologia.com\/demo-tienda\/producto\/sistema-profesional-para-comercios-facturacion-inventario\/#primaryimage"},"image":{"@id":"https:\/\/romitecnologia.com\/demo-tienda\/producto\/sistema-profesional-para-comercios-facturacion-inventario\/#primaryimage"},"thumbnailUrl":"https:\/\/romitecnologia.com\/demo-tienda\/wp-content\/uploads\/2023\/07\/Sistema-Profesional-Para-Comercios.jpg","datePublished":"2023-07-18T20:13:37+00:00","dateModified":"2025-08-21T16:29:49+00:00","description":"Optimiza la gesti\u00f3n de tu negocio en Venezuela con nuestro sistema de facturaci\u00f3n e inventario. Controla tus ventas y existencias de modo eficiente.","breadcrumb":{"@id":"https:\/\/romitecnologia.com\/demo-tienda\/producto\/sistema-profesional-para-comercios-facturacion-inventario\/#breadcrumb"},"inLanguage":"es","potentialAction":[{"@type":"ReadAction","target":["https:\/\/romitecnologia.com\/demo-tienda\/producto\/sistema-profesional-para-comercios-facturacion-inventario\/"]}]},{"@type":"ImageObject","inLanguage":"es","@id":"https:\/\/romitecnologia.com\/demo-tienda\/producto\/sistema-profesional-para-comercios-facturacion-inventario\/#primaryimage","url":"https:\/\/romitecnologia.com\/demo-tienda\/wp-content\/uploads\/2023\/07\/Sistema-Profesional-Para-Comercios.jpg","contentUrl":"https:\/\/romitecnologia.com\/demo-tienda\/wp-content\/uploads\/2023\/07\/Sistema-Profesional-Para-Comercios.jpg","width":1750,"height":1750},{"@type":"BreadcrumbList","@id":"https:\/\/romitecnologia.com\/demo-tienda\/producto\/sistema-profesional-para-comercios-facturacion-inventario\/#breadcrumb","itemListElement":[{"@type":"ListItem","position":1,"name":"Portada","item":"https:\/\/romitecnologia.com\/demo-tienda\/"},{"@type":"ListItem","position":2,"name":"Tienda","item":"https:\/\/romitecnologia.com\/demo-tienda\/tienda\/"},{"@type":"ListItem","position":3,"name":"Sistema Profesional Para Comercios Facturaci\u00f3n Inventario"}]},{"@type":"WebSite","@id":"https:\/\/romitecnologia.com\/demo-tienda\/#website","url":"https:\/\/romitecnologia.com\/demo-tienda\/","name":"Tiendateka","description":"Descubre el para\u00edso de las compras en l\u00ednea","publisher":{"@id":"https:\/\/romitecnologia.com\/demo-tienda\/#organization"},"potentialAction":[{"@type":"SearchAction","target":{"@type":"EntryPoint","urlTemplate":"https:\/\/romitecnologia.com\/demo-tienda\/?s={search_term_string}"},"query-input":{"@type":"PropertyValueSpecification","valueRequired":true,"valueName":"search_term_string"}}],"inLanguage":"es"},{"@type":"Organization","@id":"https:\/\/romitecnologia.com\/demo-tienda\/#organization","name":"Romitelli Tecnolog\u00eda","alternateName":"Romitecnolog\u00eda","url":"https:\/\/romitecnologia.com\/demo-tienda\/","logo":{"@type":"ImageObject","inLanguage":"es","@id":"https:\/\/romitecnologia.com\/demo-tienda\/#\/schema\/logo\/image\/","url":"https:\/\/romitecnologia.com\/demo-tienda\/wp-content\/uploads\/2023\/09\/LOGO-ROMI-13.png","contentUrl":"https:\/\/romitecnologia.com\/demo-tienda\/wp-content\/uploads\/2023\/09\/LOGO-ROMI-13.png","width":1984,"height":1984,"caption":"Romitelli Tecnolog\u00eda"},"image":{"@id":"https:\/\/romitecnologia.com\/demo-tienda\/#\/schema\/logo\/image\/"},"sameAs":["https:\/\/www.facebook.com\/romitecnologia\/","https:\/\/www.instagram.com\/romitecnologia\/"]}]}},"_links":{"self":[{"href":"https:\/\/romitecnologia.com\/demo-tienda\/wp-json\/wp\/v2\/product\/831","targetHints":{"allow":["GET"]}}],"collection":[{"href":"https:\/\/romitecnologia.com\/demo-tienda\/wp-json\/wp\/v2\/product"}],"about":[{"href":"https:\/\/romitecnologia.com\/demo-tienda\/wp-json\/wp\/v2\/types\/product"}],"replies":[{"embeddable":true,"href":"https:\/\/romitecnologia.com\/demo-tienda\/wp-json\/wp\/v2\/comments?post=831"}],"wp:featuredmedia":[{"embeddable":true,"href":"https:\/\/romitecnologia.com\/demo-tienda\/wp-json\/wp\/v2\/media\/814"}],"wp:attachment":[{"href":"https:\/\/romitecnologia.com\/demo-tienda\/wp-json\/wp\/v2\/media?parent=831"}],"wp:term":[{"taxonomy":"product_brand","embeddable":true,"href":"https:\/\/romitecnologia.com\/demo-tienda\/wp-json\/wp\/v2\/product_brand?post=831"},{"taxonomy":"product_cat","embeddable":true,"href":"https:\/\/romitecnologia.com\/demo-tienda\/wp-json\/wp\/v2\/product_cat?post=831"},{"taxonomy":"product_tag","embeddable":true,"href":"https:\/\/romitecnologia.com\/demo-tienda\/wp-json\/wp\/v2\/product_tag?post=831"}],"curies":[{"name":"wp","href":"https:\/\/api.w.org\/{rel}","templated":true}]}}