{"id":838,"date":"2023-07-18T20:32:17","date_gmt":"2023-07-18T20:32:17","guid":{"rendered":"https:\/\/romitecnologia.com\/demo-tienda\/?post_type=product&#038;p=838"},"modified":"2025-11-27T17:24:36","modified_gmt":"2025-11-27T17:24:36","slug":"sistema-profesional-para-carniceria-facturacion-inventario","status":"publish","type":"product","link":"https:\/\/romitecnologia.com\/demo-tienda\/producto\/sistema-profesional-para-carniceria-facturacion-inventario\/","title":{"rendered":"Sistema Profesional Para Carnicer\u00eda Facturaci\u00f3n Inventario"},"content":{"rendered":"<p style=\"text-align: left;\"><strong>TPV CARNICER\u00cdA<br \/>\n<\/strong><\/p>\n<p style=\"text-align: left;\">TPV Carnicer\u00eda programa f\u00e1cil y sencillo para la gesti\u00f3n completa de comercios. Con apertura de turnos y control de cajeros Creaci\u00f3n y modificaci\u00f3n de art\u00edculos por referencias, control de stock de forma f\u00e1cil e intuitiva, tambi\u00e9n genera etiquetas para la impresi\u00f3n de c\u00f3digo de barras. Generaci\u00f3n de presupuestos, proforma, albaranes, y factura de ventas y compra. Exportaci\u00f3n de listados e informes.<\/p>\n<p style=\"text-align: left;\"><strong>SISTEMAS OPERATIVOS COMPATIBLES<\/strong><br \/>\nWINDOWS: XP \/ 2000 SERVER\/ 2003 SERVER\/ VISTA\/ 7 \/ 8 \/ 8 .1 \/ 10<br \/>\nSOFTWARE: 32 &amp; 64 BITS<\/p>\n<p style=\"text-align: left;\"><strong>REQUISITOS M\u00cdNIMOS DEL SISTEMA<\/strong><br \/>\n*Procesador 100Mhz<br \/>\n*Memoria RAM 32Mb<br \/>\n*40 Mb de disco duro libre<br \/>\n*Resoluci\u00f3n gr\u00e1fica m\u00ednima de 1024 x 768<\/p>\n<p style=\"text-align: left;\">Incluido video de instalaci\u00f3n y registro, manual de usuario Compatible con Windows XP \/ 7 \/ 8 \/ 8.1 \/ 1O para 32 y 64 bits<\/p>\n","protected":false},"excerpt":{"rendered":"<p style=\"text-align: left;\"><strong>TPV CARNICER\u00cdA<br \/>\n<\/strong><\/p>\n<p style=\"text-align: left;\">TPV Carnicer\u00eda programa f\u00e1cil y sencillo para la gesti\u00f3n completa de comercios. Con apertura de turnos y control de cajeros Creaci\u00f3n y modificaci\u00f3n de art\u00edculos por referencias, control de stock de forma f\u00e1cil e intuitiva, tambi\u00e9n genera etiquetas para la impresi\u00f3n de c\u00f3digo de barras. Generaci\u00f3n de presupuestos, proforma, albaranes, y factura de ventas y compra. Exportaci\u00f3n de listados e informes.<\/p>\n","protected":false},"featured_media":813,"comment_status":"closed","ping_status":"closed","template":"","meta":{"neve_meta_sidebar":"","neve_meta_container":"","neve_meta_enable_content_width":"off","neve_meta_content_width":100,"neve_meta_title_alignment":"","neve_meta_author_avatar":"","neve_post_elements_order":"","neve_meta_disable_header":"","neve_meta_disable_footer":"","neve_meta_disable_title":"","neve_meta_reading_time":"","_joinchat":[]},"product_brand":[],"product_cat":[26],"product_tag":[],"class_list":{"0":"post-838","1":"product","2":"type-product","3":"status-publish","4":"has-post-thumbnail","6":"product_cat-software","8":"first","9":"instock","10":"virtual","11":"purchasable","12":"product-type-simple"},"yoast_head":"<!-- This site is optimized with the Yoast SEO plugin v27.3 - https:\/\/yoast.com\/product\/yoast-seo-wordpress\/ -->\n<title>Sistema Profesional Para Carnicer\u00eda Facturaci\u00f3n Inventario - Tiendateka<\/title>\n<meta name=\"description\" content=\"Optimiza la gesti\u00f3n de tu negocio en Venezuela con nuestro sistema de facturaci\u00f3n e inventario. Controla tus ventas y existencias de modo eficiente.\" \/>\n<meta name=\"robots\" content=\"index, follow, max-snippet:-1, max-image-preview:large, max-video-preview:-1\" \/>\n<link rel=\"canonical\" href=\"https:\/\/romitecnologia.com\/demo-tienda\/producto\/sistema-profesional-para-carniceria-facturacion-inventario\/\" \/>\n<meta property=\"og:locale\" content=\"es_ES\" \/>\n<meta property=\"og:type\" content=\"article\" \/>\n<meta property=\"og:title\" content=\"Sistema Profesional Para Carnicer\u00eda Facturaci\u00f3n Inventario - Tiendateka\" \/>\n<meta property=\"og:description\" content=\"Optimiza la gesti\u00f3n de tu negocio en Venezuela con nuestro sistema de facturaci\u00f3n e inventario. Controla tus ventas y existencias de modo eficiente.\" \/>\n<meta property=\"og:url\" content=\"https:\/\/romitecnologia.com\/demo-tienda\/producto\/sistema-profesional-para-carniceria-facturacion-inventario\/\" \/>\n<meta property=\"og:site_name\" content=\"Tiendateka\" \/>\n<meta property=\"article:publisher\" content=\"https:\/\/www.facebook.com\/romitecnologia\/\" \/>\n<meta property=\"article:modified_time\" content=\"2025-11-27T17:24:36+00:00\" \/>\n<meta property=\"og:image\" content=\"https:\/\/romitecnologia.com\/demo-tienda\/wp-content\/uploads\/2023\/07\/Sistema-Profesional-Para-Carniceria.jpg\" \/>\n\t<meta property=\"og:image:width\" content=\"1750\" \/>\n\t<meta property=\"og:image:height\" content=\"1750\" \/>\n\t<meta property=\"og:image:type\" content=\"image\/jpeg\" \/>\n<meta name=\"twitter:card\" content=\"summary_large_image\" \/>\n<meta name=\"twitter:label1\" content=\"Tiempo de lectura\" \/>\n\t<meta name=\"twitter:data1\" content=\"1 minuto\" \/>\n<script type=\"application\/ld+json\" class=\"yoast-schema-graph\">{\"@context\":\"https:\\\/\\\/schema.org\",\"@graph\":[{\"@type\":\"WebPage\",\"@id\":\"https:\\\/\\\/romitecnologia.com\\\/demo-tienda\\\/producto\\\/sistema-profesional-para-carniceria-facturacion-inventario\\\/\",\"url\":\"https:\\\/\\\/romitecnologia.com\\\/demo-tienda\\\/producto\\\/sistema-profesional-para-carniceria-facturacion-inventario\\\/\",\"name\":\"Sistema Profesional Para Carnicer\u00eda Facturaci\u00f3n Inventario - Tiendateka\",\"isPartOf\":{\"@id\":\"https:\\\/\\\/romitecnologia.com\\\/demo-tienda\\\/#website\"},\"primaryImageOfPage\":{\"@id\":\"https:\\\/\\\/romitecnologia.com\\\/demo-tienda\\\/producto\\\/sistema-profesional-para-carniceria-facturacion-inventario\\\/#primaryimage\"},\"image\":{\"@id\":\"https:\\\/\\\/romitecnologia.com\\\/demo-tienda\\\/producto\\\/sistema-profesional-para-carniceria-facturacion-inventario\\\/#primaryimage\"},\"thumbnailUrl\":\"https:\\\/\\\/romitecnologia.com\\\/demo-tienda\\\/wp-content\\\/uploads\\\/2023\\\/07\\\/Sistema-Profesional-Para-Carniceria.jpg\",\"datePublished\":\"2023-07-18T20:32:17+00:00\",\"dateModified\":\"2025-11-27T17:24:36+00:00\",\"description\":\"Optimiza la gesti\u00f3n de tu negocio en Venezuela con nuestro sistema de facturaci\u00f3n e inventario. Controla tus ventas y existencias de modo eficiente.\",\"breadcrumb\":{\"@id\":\"https:\\\/\\\/romitecnologia.com\\\/demo-tienda\\\/producto\\\/sistema-profesional-para-carniceria-facturacion-inventario\\\/#breadcrumb\"},\"inLanguage\":\"es\",\"potentialAction\":[{\"@type\":\"ReadAction\",\"target\":[\"https:\\\/\\\/romitecnologia.com\\\/demo-tienda\\\/producto\\\/sistema-profesional-para-carniceria-facturacion-inventario\\\/\"]}]},{\"@type\":\"ImageObject\",\"inLanguage\":\"es\",\"@id\":\"https:\\\/\\\/romitecnologia.com\\\/demo-tienda\\\/producto\\\/sistema-profesional-para-carniceria-facturacion-inventario\\\/#primaryimage\",\"url\":\"https:\\\/\\\/romitecnologia.com\\\/demo-tienda\\\/wp-content\\\/uploads\\\/2023\\\/07\\\/Sistema-Profesional-Para-Carniceria.jpg\",\"contentUrl\":\"https:\\\/\\\/romitecnologia.com\\\/demo-tienda\\\/wp-content\\\/uploads\\\/2023\\\/07\\\/Sistema-Profesional-Para-Carniceria.jpg\",\"width\":1750,\"height\":1750},{\"@type\":\"BreadcrumbList\",\"@id\":\"https:\\\/\\\/romitecnologia.com\\\/demo-tienda\\\/producto\\\/sistema-profesional-para-carniceria-facturacion-inventario\\\/#breadcrumb\",\"itemListElement\":[{\"@type\":\"ListItem\",\"position\":1,\"name\":\"Portada\",\"item\":\"https:\\\/\\\/romitecnologia.com\\\/demo-tienda\\\/\"},{\"@type\":\"ListItem\",\"position\":2,\"name\":\"Tienda\",\"item\":\"https:\\\/\\\/romitecnologia.com\\\/demo-tienda\\\/tienda\\\/\"},{\"@type\":\"ListItem\",\"position\":3,\"name\":\"Sistema Profesional Para Carnicer\u00eda Facturaci\u00f3n Inventario\"}]},{\"@type\":\"WebSite\",\"@id\":\"https:\\\/\\\/romitecnologia.com\\\/demo-tienda\\\/#website\",\"url\":\"https:\\\/\\\/romitecnologia.com\\\/demo-tienda\\\/\",\"name\":\"Tiendateka\",\"description\":\"Descubre el para\u00edso de las compras en l\u00ednea\",\"publisher\":{\"@id\":\"https:\\\/\\\/romitecnologia.com\\\/demo-tienda\\\/#organization\"},\"potentialAction\":[{\"@type\":\"SearchAction\",\"target\":{\"@type\":\"EntryPoint\",\"urlTemplate\":\"https:\\\/\\\/romitecnologia.com\\\/demo-tienda\\\/?s={search_term_string}\"},\"query-input\":{\"@type\":\"PropertyValueSpecification\",\"valueRequired\":true,\"valueName\":\"search_term_string\"}}],\"inLanguage\":\"es\"},{\"@type\":\"Organization\",\"@id\":\"https:\\\/\\\/romitecnologia.com\\\/demo-tienda\\\/#organization\",\"name\":\"Romitelli Tecnolog\u00eda\",\"alternateName\":\"Romitecnolog\u00eda\",\"url\":\"https:\\\/\\\/romitecnologia.com\\\/demo-tienda\\\/\",\"logo\":{\"@type\":\"ImageObject\",\"inLanguage\":\"es\",\"@id\":\"https:\\\/\\\/romitecnologia.com\\\/demo-tienda\\\/#\\\/schema\\\/logo\\\/image\\\/\",\"url\":\"https:\\\/\\\/romitecnologia.com\\\/demo-tienda\\\/wp-content\\\/uploads\\\/2023\\\/09\\\/LOGO-ROMI-13.png\",\"contentUrl\":\"https:\\\/\\\/romitecnologia.com\\\/demo-tienda\\\/wp-content\\\/uploads\\\/2023\\\/09\\\/LOGO-ROMI-13.png\",\"width\":1984,\"height\":1984,\"caption\":\"Romitelli Tecnolog\u00eda\"},\"image\":{\"@id\":\"https:\\\/\\\/romitecnologia.com\\\/demo-tienda\\\/#\\\/schema\\\/logo\\\/image\\\/\"},\"sameAs\":[\"https:\\\/\\\/www.facebook.com\\\/romitecnologia\\\/\",\"https:\\\/\\\/www.instagram.com\\\/romitecnologia\\\/\"]}]}<\/script>\n<!-- \/ Yoast SEO plugin. -->","yoast_head_json":{"title":"Sistema Profesional Para Carnicer\u00eda Facturaci\u00f3n Inventario - Tiendateka","description":"Optimiza la gesti\u00f3n de tu negocio en Venezuela con nuestro sistema de facturaci\u00f3n e inventario. Controla tus ventas y existencias de modo eficiente.","robots":{"index":"index","follow":"follow","max-snippet":"max-snippet:-1","max-image-preview":"max-image-preview:large","max-video-preview":"max-video-preview:-1"},"canonical":"https:\/\/romitecnologia.com\/demo-tienda\/producto\/sistema-profesional-para-carniceria-facturacion-inventario\/","og_locale":"es_ES","og_type":"article","og_title":"Sistema Profesional Para Carnicer\u00eda Facturaci\u00f3n Inventario - Tiendateka","og_description":"Optimiza la gesti\u00f3n de tu negocio en Venezuela con nuestro sistema de facturaci\u00f3n e inventario. Controla tus ventas y existencias de modo eficiente.","og_url":"https:\/\/romitecnologia.com\/demo-tienda\/producto\/sistema-profesional-para-carniceria-facturacion-inventario\/","og_site_name":"Tiendateka","article_publisher":"https:\/\/www.facebook.com\/romitecnologia\/","article_modified_time":"2025-11-27T17:24:36+00:00","og_image":[{"width":1750,"height":1750,"url":"https:\/\/romitecnologia.com\/demo-tienda\/wp-content\/uploads\/2023\/07\/Sistema-Profesional-Para-Carniceria.jpg","type":"image\/jpeg"}],"twitter_card":"summary_large_image","twitter_misc":{"Tiempo de lectura":"1 minuto"},"schema":{"@context":"https:\/\/schema.org","@graph":[{"@type":"WebPage","@id":"https:\/\/romitecnologia.com\/demo-tienda\/producto\/sistema-profesional-para-carniceria-facturacion-inventario\/","url":"https:\/\/romitecnologia.com\/demo-tienda\/producto\/sistema-profesional-para-carniceria-facturacion-inventario\/","name":"Sistema Profesional Para Carnicer\u00eda Facturaci\u00f3n Inventario - Tiendateka","isPartOf":{"@id":"https:\/\/romitecnologia.com\/demo-tienda\/#website"},"primaryImageOfPage":{"@id":"https:\/\/romitecnologia.com\/demo-tienda\/producto\/sistema-profesional-para-carniceria-facturacion-inventario\/#primaryimage"},"image":{"@id":"https:\/\/romitecnologia.com\/demo-tienda\/producto\/sistema-profesional-para-carniceria-facturacion-inventario\/#primaryimage"},"thumbnailUrl":"https:\/\/romitecnologia.com\/demo-tienda\/wp-content\/uploads\/2023\/07\/Sistema-Profesional-Para-Carniceria.jpg","datePublished":"2023-07-18T20:32:17+00:00","dateModified":"2025-11-27T17:24:36+00:00","description":"Optimiza la gesti\u00f3n de tu negocio en Venezuela con nuestro sistema de facturaci\u00f3n e inventario. Controla tus ventas y existencias de modo eficiente.","breadcrumb":{"@id":"https:\/\/romitecnologia.com\/demo-tienda\/producto\/sistema-profesional-para-carniceria-facturacion-inventario\/#breadcrumb"},"inLanguage":"es","potentialAction":[{"@type":"ReadAction","target":["https:\/\/romitecnologia.com\/demo-tienda\/producto\/sistema-profesional-para-carniceria-facturacion-inventario\/"]}]},{"@type":"ImageObject","inLanguage":"es","@id":"https:\/\/romitecnologia.com\/demo-tienda\/producto\/sistema-profesional-para-carniceria-facturacion-inventario\/#primaryimage","url":"https:\/\/romitecnologia.com\/demo-tienda\/wp-content\/uploads\/2023\/07\/Sistema-Profesional-Para-Carniceria.jpg","contentUrl":"https:\/\/romitecnologia.com\/demo-tienda\/wp-content\/uploads\/2023\/07\/Sistema-Profesional-Para-Carniceria.jpg","width":1750,"height":1750},{"@type":"BreadcrumbList","@id":"https:\/\/romitecnologia.com\/demo-tienda\/producto\/sistema-profesional-para-carniceria-facturacion-inventario\/#breadcrumb","itemListElement":[{"@type":"ListItem","position":1,"name":"Portada","item":"https:\/\/romitecnologia.com\/demo-tienda\/"},{"@type":"ListItem","position":2,"name":"Tienda","item":"https:\/\/romitecnologia.com\/demo-tienda\/tienda\/"},{"@type":"ListItem","position":3,"name":"Sistema Profesional Para Carnicer\u00eda Facturaci\u00f3n Inventario"}]},{"@type":"WebSite","@id":"https:\/\/romitecnologia.com\/demo-tienda\/#website","url":"https:\/\/romitecnologia.com\/demo-tienda\/","name":"Tiendateka","description":"Descubre el para\u00edso de las compras en l\u00ednea","publisher":{"@id":"https:\/\/romitecnologia.com\/demo-tienda\/#organization"},"potentialAction":[{"@type":"SearchAction","target":{"@type":"EntryPoint","urlTemplate":"https:\/\/romitecnologia.com\/demo-tienda\/?s={search_term_string}"},"query-input":{"@type":"PropertyValueSpecification","valueRequired":true,"valueName":"search_term_string"}}],"inLanguage":"es"},{"@type":"Organization","@id":"https:\/\/romitecnologia.com\/demo-tienda\/#organization","name":"Romitelli Tecnolog\u00eda","alternateName":"Romitecnolog\u00eda","url":"https:\/\/romitecnologia.com\/demo-tienda\/","logo":{"@type":"ImageObject","inLanguage":"es","@id":"https:\/\/romitecnologia.com\/demo-tienda\/#\/schema\/logo\/image\/","url":"https:\/\/romitecnologia.com\/demo-tienda\/wp-content\/uploads\/2023\/09\/LOGO-ROMI-13.png","contentUrl":"https:\/\/romitecnologia.com\/demo-tienda\/wp-content\/uploads\/2023\/09\/LOGO-ROMI-13.png","width":1984,"height":1984,"caption":"Romitelli Tecnolog\u00eda"},"image":{"@id":"https:\/\/romitecnologia.com\/demo-tienda\/#\/schema\/logo\/image\/"},"sameAs":["https:\/\/www.facebook.com\/romitecnologia\/","https:\/\/www.instagram.com\/romitecnologia\/"]}]}},"_links":{"self":[{"href":"https:\/\/romitecnologia.com\/demo-tienda\/wp-json\/wp\/v2\/product\/838","targetHints":{"allow":["GET"]}}],"collection":[{"href":"https:\/\/romitecnologia.com\/demo-tienda\/wp-json\/wp\/v2\/product"}],"about":[{"href":"https:\/\/romitecnologia.com\/demo-tienda\/wp-json\/wp\/v2\/types\/product"}],"replies":[{"embeddable":true,"href":"https:\/\/romitecnologia.com\/demo-tienda\/wp-json\/wp\/v2\/comments?post=838"}],"wp:featuredmedia":[{"embeddable":true,"href":"https:\/\/romitecnologia.com\/demo-tienda\/wp-json\/wp\/v2\/media\/813"}],"wp:attachment":[{"href":"https:\/\/romitecnologia.com\/demo-tienda\/wp-json\/wp\/v2\/media?parent=838"}],"wp:term":[{"taxonomy":"product_brand","embeddable":true,"href":"https:\/\/romitecnologia.com\/demo-tienda\/wp-json\/wp\/v2\/product_brand?post=838"},{"taxonomy":"product_cat","embeddable":true,"href":"https:\/\/romitecnologia.com\/demo-tienda\/wp-json\/wp\/v2\/product_cat?post=838"},{"taxonomy":"product_tag","embeddable":true,"href":"https:\/\/romitecnologia.com\/demo-tienda\/wp-json\/wp\/v2\/product_tag?post=838"}],"curies":[{"name":"wp","href":"https:\/\/api.w.org\/{rel}","templated":true}]}}