{"id":849,"date":"2023-07-18T21:00:22","date_gmt":"2023-07-18T21:00:22","guid":{"rendered":"https:\/\/romitecnologia.com\/demo-tienda\/?post_type=product&#038;p=849"},"modified":"2025-08-21T16:14:32","modified_gmt":"2025-08-21T16:14:32","slug":"04-pagina-web-tienda-online","status":"publish","type":"product","link":"https:\/\/romitecnologia.com\/demo-tienda\/producto\/04-pagina-web-tienda-online\/","title":{"rendered":"04-Tienda ONLINE"},"content":{"rendered":"<h3 style=\"text-align: left;\"><strong>Dise\u00f1o P\u00e1gina Web Tienda ONLINE<br \/>\n<\/strong><\/h3>\n<p style=\"text-align: left;\">\u201cLas P\u00e1ginas Web Plan E-commerce o con Tienda Virtual\u201d est\u00e1n configuradas con un software instalado en su servidor donde se almacenan todos los archivos de la tienda, fotos, textos, productos etc. Este plan sirve para vender u ofrecer productos y servicios en internet, tiene sistema de registro de usuarios, p\u00e1ginas de informaci\u00f3n, sistemas de pagos en l\u00ednea, p\u00e1gina de contactos y mucho m\u00e1s que hacen de este sistema de sitio web una herramienta importante para los empresarios emprendedores que quieren comenzar \u201csu propio negocio o tienda virtual en internet\u201d.<\/p>\n<p style=\"text-align: left;\"><strong>\u00a0<\/strong><\/p>\n<p style=\"text-align: left;\">Nombre de Dominio anual\u00a0<strong>(.COM .NET .ORG)<\/strong><\/p>\n<p style=\"text-align: left;\">Espacio de Almacenamiento anual \u201cHosting\u201d (2.000 MB)<\/p>\n<p style=\"text-align: left;\">Software de Autogesti\u00f3n de contenidos\u00a0<strong>(<\/strong>Administraci\u00f3n por el\u00a0<b>CLIENTE)<\/b><\/p>\n<p style=\"text-align: left;\">Plantilla de Dise\u00f1o Personalizado (Autoadministrable)<\/p>\n<p style=\"text-align: left;\">Estructura armada hasta 6 paginas \u2013 secciones.<\/p>\n<p style=\"text-align: left;\">Dise\u00f1o enfocado a su empresa y objetivos<\/p>\n<p style=\"text-align: left;\">Tienda virtual<\/p>\n<p style=\"text-align: left;\">Adaptado a\u00a0<b>dispositivos m\u00f3viles (Responsivo)<\/b><\/p>\n<p style=\"text-align: left;\">Galer\u00eda de\u00a0<b>im\u00e1genes<br \/>\n<\/b><\/p>\n<p style=\"text-align: left;\">Integraci\u00f3n\u00a0a Redes Sociales<\/p>\n<p style=\"text-align: left;\"><b>Mapa<\/b> de ubicaci\u00f3n<\/p>\n<p style=\"text-align: left;\">Formulario de contactos<\/p>\n<p style=\"text-align: left;\"><b>SEO<\/b> b\u00e1sico <strong>&amp; Chat ONLINE<\/strong><\/p>\n<p style=\"text-align: left;\">Asesor\u00eda, actualizaciones y soporte todo el a\u00f1o<\/p>\n<p style=\"text-align: left;\"><strong>INCLUYE 3 CORREO CORPORATIVO<\/strong><\/p>\n<p style=\"text-align: left;\">100% Operativa<br \/>\nProductos sin l\u00edmites <strong>(Nosotros cargamos los primeros 10 en este servicio)<\/strong><\/p>\n<p style=\"text-align: left;\">Plataformas de Pago\u00a0<b>PAYPAL \u2013 Transferencia Bancaria \u2013 PAYPHONE<\/b><\/p>\n","protected":false},"excerpt":{"rendered":"<p><strong>Nombre de Dominio anual\u00a0(.COM .NET .ORG)<\/strong><\/p>\n<p>Espacio de Almacenamiento <strong>(2.000 MB)<\/strong><\/p>\n<p>Software de Autogesti\u00f3n de Contenidos<\/p>\n","protected":false},"featured_media":937,"comment_status":"closed","ping_status":"closed","template":"","meta":{"neve_meta_sidebar":"","neve_meta_container":"","neve_meta_enable_content_width":"off","neve_meta_content_width":100,"neve_meta_title_alignment":"","neve_meta_author_avatar":"","neve_post_elements_order":"","neve_meta_disable_header":"","neve_meta_disable_footer":"","neve_meta_disable_title":"","neve_meta_reading_time":"","_joinchat":[]},"product_brand":[],"product_cat":[27],"product_tag":[],"class_list":{"0":"post-849","1":"product","2":"type-product","3":"status-publish","4":"has-post-thumbnail","6":"product_cat-servicios-web","8":"first","9":"instock","10":"sale","11":"featured","12":"virtual","13":"purchasable","14":"product-type-simple"},"yoast_head":"<!-- This site is optimized with the Yoast SEO plugin v27.3 - https:\/\/yoast.com\/product\/yoast-seo-wordpress\/ -->\n<title>04-Tienda ONLINE - Tiendateka<\/title>\n<meta name=\"description\" content=\"Transforma tu presencia en l\u00ednea con nuestro servicio de dise\u00f1o de p\u00e1gina web tienda online en Venezuela. Creamos sitios web a medida para tu negocio\" \/>\n<meta name=\"robots\" content=\"index, follow, max-snippet:-1, max-image-preview:large, max-video-preview:-1\" \/>\n<link rel=\"canonical\" href=\"https:\/\/romitecnologia.com\/demo-tienda\/producto\/04-pagina-web-tienda-online\/\" \/>\n<meta property=\"og:locale\" content=\"es_ES\" \/>\n<meta property=\"og:type\" content=\"article\" \/>\n<meta property=\"og:title\" content=\"04-Tienda ONLINE - Tiendateka\" \/>\n<meta property=\"og:description\" content=\"Transforma tu presencia en l\u00ednea con nuestro servicio de dise\u00f1o de p\u00e1gina web tienda online en Venezuela. Creamos sitios web a medida para tu negocio\" \/>\n<meta property=\"og:url\" content=\"https:\/\/romitecnologia.com\/demo-tienda\/producto\/04-pagina-web-tienda-online\/\" \/>\n<meta property=\"og:site_name\" content=\"Tiendateka\" \/>\n<meta property=\"article:publisher\" content=\"https:\/\/www.facebook.com\/romitecnologia\/\" \/>\n<meta property=\"article:modified_time\" content=\"2025-08-21T16:14:32+00:00\" \/>\n<meta property=\"og:image\" content=\"https:\/\/romitecnologia.com\/demo-tienda\/wp-content\/uploads\/2023\/07\/104-scaled.jpg\" \/>\n\t<meta property=\"og:image:width\" content=\"2560\" \/>\n\t<meta property=\"og:image:height\" content=\"2560\" \/>\n\t<meta property=\"og:image:type\" content=\"image\/jpeg\" \/>\n<meta name=\"twitter:card\" content=\"summary_large_image\" \/>\n<meta name=\"twitter:label1\" content=\"Tiempo de lectura\" \/>\n\t<meta name=\"twitter:data1\" content=\"2 minutos\" \/>\n<script type=\"application\/ld+json\" class=\"yoast-schema-graph\">{\"@context\":\"https:\\\/\\\/schema.org\",\"@graph\":[{\"@type\":\"WebPage\",\"@id\":\"https:\\\/\\\/romitecnologia.com\\\/demo-tienda\\\/producto\\\/04-pagina-web-tienda-online\\\/\",\"url\":\"https:\\\/\\\/romitecnologia.com\\\/demo-tienda\\\/producto\\\/04-pagina-web-tienda-online\\\/\",\"name\":\"04-Tienda ONLINE - Tiendateka\",\"isPartOf\":{\"@id\":\"https:\\\/\\\/romitecnologia.com\\\/demo-tienda\\\/#website\"},\"primaryImageOfPage\":{\"@id\":\"https:\\\/\\\/romitecnologia.com\\\/demo-tienda\\\/producto\\\/04-pagina-web-tienda-online\\\/#primaryimage\"},\"image\":{\"@id\":\"https:\\\/\\\/romitecnologia.com\\\/demo-tienda\\\/producto\\\/04-pagina-web-tienda-online\\\/#primaryimage\"},\"thumbnailUrl\":\"https:\\\/\\\/romitecnologia.com\\\/demo-tienda\\\/wp-content\\\/uploads\\\/2023\\\/07\\\/104-scaled.jpg\",\"datePublished\":\"2023-07-18T21:00:22+00:00\",\"dateModified\":\"2025-08-21T16:14:32+00:00\",\"description\":\"Transforma tu presencia en l\u00ednea con nuestro servicio de dise\u00f1o de p\u00e1gina web tienda online en Venezuela. Creamos sitios web a medida para tu negocio\",\"breadcrumb\":{\"@id\":\"https:\\\/\\\/romitecnologia.com\\\/demo-tienda\\\/producto\\\/04-pagina-web-tienda-online\\\/#breadcrumb\"},\"inLanguage\":\"es\",\"potentialAction\":[{\"@type\":\"ReadAction\",\"target\":[\"https:\\\/\\\/romitecnologia.com\\\/demo-tienda\\\/producto\\\/04-pagina-web-tienda-online\\\/\"]}]},{\"@type\":\"ImageObject\",\"inLanguage\":\"es\",\"@id\":\"https:\\\/\\\/romitecnologia.com\\\/demo-tienda\\\/producto\\\/04-pagina-web-tienda-online\\\/#primaryimage\",\"url\":\"https:\\\/\\\/romitecnologia.com\\\/demo-tienda\\\/wp-content\\\/uploads\\\/2023\\\/07\\\/104-scaled.jpg\",\"contentUrl\":\"https:\\\/\\\/romitecnologia.com\\\/demo-tienda\\\/wp-content\\\/uploads\\\/2023\\\/07\\\/104-scaled.jpg\",\"width\":2560,\"height\":2560},{\"@type\":\"BreadcrumbList\",\"@id\":\"https:\\\/\\\/romitecnologia.com\\\/demo-tienda\\\/producto\\\/04-pagina-web-tienda-online\\\/#breadcrumb\",\"itemListElement\":[{\"@type\":\"ListItem\",\"position\":1,\"name\":\"Portada\",\"item\":\"https:\\\/\\\/romitecnologia.com\\\/demo-tienda\\\/\"},{\"@type\":\"ListItem\",\"position\":2,\"name\":\"Tienda\",\"item\":\"https:\\\/\\\/romitecnologia.com\\\/demo-tienda\\\/tienda\\\/\"},{\"@type\":\"ListItem\",\"position\":3,\"name\":\"04-Tienda ONLINE\"}]},{\"@type\":\"WebSite\",\"@id\":\"https:\\\/\\\/romitecnologia.com\\\/demo-tienda\\\/#website\",\"url\":\"https:\\\/\\\/romitecnologia.com\\\/demo-tienda\\\/\",\"name\":\"Tiendateka\",\"description\":\"Descubre el para\u00edso de las compras en l\u00ednea\",\"publisher\":{\"@id\":\"https:\\\/\\\/romitecnologia.com\\\/demo-tienda\\\/#organization\"},\"potentialAction\":[{\"@type\":\"SearchAction\",\"target\":{\"@type\":\"EntryPoint\",\"urlTemplate\":\"https:\\\/\\\/romitecnologia.com\\\/demo-tienda\\\/?s={search_term_string}\"},\"query-input\":{\"@type\":\"PropertyValueSpecification\",\"valueRequired\":true,\"valueName\":\"search_term_string\"}}],\"inLanguage\":\"es\"},{\"@type\":\"Organization\",\"@id\":\"https:\\\/\\\/romitecnologia.com\\\/demo-tienda\\\/#organization\",\"name\":\"Romitelli Tecnolog\u00eda\",\"alternateName\":\"Romitecnolog\u00eda\",\"url\":\"https:\\\/\\\/romitecnologia.com\\\/demo-tienda\\\/\",\"logo\":{\"@type\":\"ImageObject\",\"inLanguage\":\"es\",\"@id\":\"https:\\\/\\\/romitecnologia.com\\\/demo-tienda\\\/#\\\/schema\\\/logo\\\/image\\\/\",\"url\":\"https:\\\/\\\/romitecnologia.com\\\/demo-tienda\\\/wp-content\\\/uploads\\\/2023\\\/09\\\/LOGO-ROMI-13.png\",\"contentUrl\":\"https:\\\/\\\/romitecnologia.com\\\/demo-tienda\\\/wp-content\\\/uploads\\\/2023\\\/09\\\/LOGO-ROMI-13.png\",\"width\":1984,\"height\":1984,\"caption\":\"Romitelli Tecnolog\u00eda\"},\"image\":{\"@id\":\"https:\\\/\\\/romitecnologia.com\\\/demo-tienda\\\/#\\\/schema\\\/logo\\\/image\\\/\"},\"sameAs\":[\"https:\\\/\\\/www.facebook.com\\\/romitecnologia\\\/\",\"https:\\\/\\\/www.instagram.com\\\/romitecnologia\\\/\"]}]}<\/script>\n<!-- \/ Yoast SEO plugin. -->","yoast_head_json":{"title":"04-Tienda ONLINE - Tiendateka","description":"Transforma tu presencia en l\u00ednea con nuestro servicio de dise\u00f1o de p\u00e1gina web tienda online en Venezuela. Creamos sitios web a medida para tu negocio","robots":{"index":"index","follow":"follow","max-snippet":"max-snippet:-1","max-image-preview":"max-image-preview:large","max-video-preview":"max-video-preview:-1"},"canonical":"https:\/\/romitecnologia.com\/demo-tienda\/producto\/04-pagina-web-tienda-online\/","og_locale":"es_ES","og_type":"article","og_title":"04-Tienda ONLINE - Tiendateka","og_description":"Transforma tu presencia en l\u00ednea con nuestro servicio de dise\u00f1o de p\u00e1gina web tienda online en Venezuela. Creamos sitios web a medida para tu negocio","og_url":"https:\/\/romitecnologia.com\/demo-tienda\/producto\/04-pagina-web-tienda-online\/","og_site_name":"Tiendateka","article_publisher":"https:\/\/www.facebook.com\/romitecnologia\/","article_modified_time":"2025-08-21T16:14:32+00:00","og_image":[{"width":2560,"height":2560,"url":"https:\/\/romitecnologia.com\/demo-tienda\/wp-content\/uploads\/2023\/07\/104-scaled.jpg","type":"image\/jpeg"}],"twitter_card":"summary_large_image","twitter_misc":{"Tiempo de lectura":"2 minutos"},"schema":{"@context":"https:\/\/schema.org","@graph":[{"@type":"WebPage","@id":"https:\/\/romitecnologia.com\/demo-tienda\/producto\/04-pagina-web-tienda-online\/","url":"https:\/\/romitecnologia.com\/demo-tienda\/producto\/04-pagina-web-tienda-online\/","name":"04-Tienda ONLINE - Tiendateka","isPartOf":{"@id":"https:\/\/romitecnologia.com\/demo-tienda\/#website"},"primaryImageOfPage":{"@id":"https:\/\/romitecnologia.com\/demo-tienda\/producto\/04-pagina-web-tienda-online\/#primaryimage"},"image":{"@id":"https:\/\/romitecnologia.com\/demo-tienda\/producto\/04-pagina-web-tienda-online\/#primaryimage"},"thumbnailUrl":"https:\/\/romitecnologia.com\/demo-tienda\/wp-content\/uploads\/2023\/07\/104-scaled.jpg","datePublished":"2023-07-18T21:00:22+00:00","dateModified":"2025-08-21T16:14:32+00:00","description":"Transforma tu presencia en l\u00ednea con nuestro servicio de dise\u00f1o de p\u00e1gina web tienda online en Venezuela. Creamos sitios web a medida para tu negocio","breadcrumb":{"@id":"https:\/\/romitecnologia.com\/demo-tienda\/producto\/04-pagina-web-tienda-online\/#breadcrumb"},"inLanguage":"es","potentialAction":[{"@type":"ReadAction","target":["https:\/\/romitecnologia.com\/demo-tienda\/producto\/04-pagina-web-tienda-online\/"]}]},{"@type":"ImageObject","inLanguage":"es","@id":"https:\/\/romitecnologia.com\/demo-tienda\/producto\/04-pagina-web-tienda-online\/#primaryimage","url":"https:\/\/romitecnologia.com\/demo-tienda\/wp-content\/uploads\/2023\/07\/104-scaled.jpg","contentUrl":"https:\/\/romitecnologia.com\/demo-tienda\/wp-content\/uploads\/2023\/07\/104-scaled.jpg","width":2560,"height":2560},{"@type":"BreadcrumbList","@id":"https:\/\/romitecnologia.com\/demo-tienda\/producto\/04-pagina-web-tienda-online\/#breadcrumb","itemListElement":[{"@type":"ListItem","position":1,"name":"Portada","item":"https:\/\/romitecnologia.com\/demo-tienda\/"},{"@type":"ListItem","position":2,"name":"Tienda","item":"https:\/\/romitecnologia.com\/demo-tienda\/tienda\/"},{"@type":"ListItem","position":3,"name":"04-Tienda ONLINE"}]},{"@type":"WebSite","@id":"https:\/\/romitecnologia.com\/demo-tienda\/#website","url":"https:\/\/romitecnologia.com\/demo-tienda\/","name":"Tiendateka","description":"Descubre el para\u00edso de las compras en l\u00ednea","publisher":{"@id":"https:\/\/romitecnologia.com\/demo-tienda\/#organization"},"potentialAction":[{"@type":"SearchAction","target":{"@type":"EntryPoint","urlTemplate":"https:\/\/romitecnologia.com\/demo-tienda\/?s={search_term_string}"},"query-input":{"@type":"PropertyValueSpecification","valueRequired":true,"valueName":"search_term_string"}}],"inLanguage":"es"},{"@type":"Organization","@id":"https:\/\/romitecnologia.com\/demo-tienda\/#organization","name":"Romitelli Tecnolog\u00eda","alternateName":"Romitecnolog\u00eda","url":"https:\/\/romitecnologia.com\/demo-tienda\/","logo":{"@type":"ImageObject","inLanguage":"es","@id":"https:\/\/romitecnologia.com\/demo-tienda\/#\/schema\/logo\/image\/","url":"https:\/\/romitecnologia.com\/demo-tienda\/wp-content\/uploads\/2023\/09\/LOGO-ROMI-13.png","contentUrl":"https:\/\/romitecnologia.com\/demo-tienda\/wp-content\/uploads\/2023\/09\/LOGO-ROMI-13.png","width":1984,"height":1984,"caption":"Romitelli Tecnolog\u00eda"},"image":{"@id":"https:\/\/romitecnologia.com\/demo-tienda\/#\/schema\/logo\/image\/"},"sameAs":["https:\/\/www.facebook.com\/romitecnologia\/","https:\/\/www.instagram.com\/romitecnologia\/"]}]}},"_links":{"self":[{"href":"https:\/\/romitecnologia.com\/demo-tienda\/wp-json\/wp\/v2\/product\/849","targetHints":{"allow":["GET"]}}],"collection":[{"href":"https:\/\/romitecnologia.com\/demo-tienda\/wp-json\/wp\/v2\/product"}],"about":[{"href":"https:\/\/romitecnologia.com\/demo-tienda\/wp-json\/wp\/v2\/types\/product"}],"replies":[{"embeddable":true,"href":"https:\/\/romitecnologia.com\/demo-tienda\/wp-json\/wp\/v2\/comments?post=849"}],"wp:featuredmedia":[{"embeddable":true,"href":"https:\/\/romitecnologia.com\/demo-tienda\/wp-json\/wp\/v2\/media\/937"}],"wp:attachment":[{"href":"https:\/\/romitecnologia.com\/demo-tienda\/wp-json\/wp\/v2\/media?parent=849"}],"wp:term":[{"taxonomy":"product_brand","embeddable":true,"href":"https:\/\/romitecnologia.com\/demo-tienda\/wp-json\/wp\/v2\/product_brand?post=849"},{"taxonomy":"product_cat","embeddable":true,"href":"https:\/\/romitecnologia.com\/demo-tienda\/wp-json\/wp\/v2\/product_cat?post=849"},{"taxonomy":"product_tag","embeddable":true,"href":"https:\/\/romitecnologia.com\/demo-tienda\/wp-json\/wp\/v2\/product_tag?post=849"}],"curies":[{"name":"wp","href":"https:\/\/api.w.org\/{rel}","templated":true}]}}